{"id":1390,"date":"2017-11-08T15:13:36","date_gmt":"2017-11-08T14:13:36","guid":{"rendered":"http:\/\/www.moatti-riviere.com\/?page_id=1390"},"modified":"2018-06-16T15:57:45","modified_gmt":"2018-06-16T13:57:45","slug":"alain-d-moatti","status":"publish","type":"page","link":"https:\/\/www.moatti-riviere.com\/en\/agency\/team\/alain-d-moatti","title":{"rendered":"Alain D. Moatti"},"content":{"rendered":"<p>&nbsp;<\/p>\n<h2 style=\"text-align: justify;\"><img alt=\"\" loading=\"lazy\" decoding=\"async\" class=\"size-medium wp-image-588 alignleft\" src=\"http:\/\/www.moatti-riviere.com\/wp-content\/uploads\/2017\/11\/Alain_Moatti-200x300.jpg\" alt=\"\" width=\"200\" height=\"300\" srcset=\"https:\/\/www.moatti-riviere.com\/wp-content\/uploads\/2017\/11\/Alain_Moatti-200x300.jpg 200w, https:\/\/www.moatti-riviere.com\/wp-content\/uploads\/2017\/11\/Alain_Moatti-133x200.jpg 133w, https:\/\/www.moatti-riviere.com\/wp-content\/uploads\/2017\/11\/Alain_Moatti-768x1152.jpg 768w, https:\/\/www.moatti-riviere.com\/wp-content\/uploads\/2017\/11\/Alain_Moatti.jpg 1000w\" sizes=\"auto, (max-width: 200px) 100vw, 200px\" \/>Architecte co-fondateur de l\u2019agence Moatti-Rivi\u00e8re<\/h2>\n<p style=\"text-align: justify;\">Architecte DPLG dipl\u00f4m\u00e9 de l\u2019Ecole d\u2019Architecture Paris-Villemin en 1988. Membre de l\u2019Acad\u00e9mie d\u2019Architecture.<\/p>\n<p style=\"text-align: justify;\">Alain MOATTI a 30 ans d\u2019exp\u00e9rience dans le domaine de l\u2019architecture, de l\u2019architecture d\u2019int\u00e9rieur, de la sc\u00e9nographie et du design. Apr\u00e8s diff\u00e9rentes exp\u00e9riences en agences d\u2019architecture entre 1985 et 1994, il ouvre sa propre agence d\u2019architecture et sc\u00e9nographie en 1994. En 2001 il rencontre Henri Rivi\u00e8re (1965-2010) avec lequel il fonde l\u2019agence Moatti \u2013 Rivi\u00e8re l\u2019ann\u00e9e suivante.<br \/>\nPortrait Alain Moatti : \u00a9 Doris L\u00ea<\/p>\n","protected":false},"excerpt":{"rendered":"<p>&nbsp; Architecte co-fondateur de l\u2019agence Moatti-Rivi\u00e8re Architecte DPLG dipl\u00f4m\u00e9 de l\u2019Ecole d\u2019Architecture Paris-Villemin en 1988. Membre de l\u2019Acad\u00e9mie d\u2019Architecture. Alain MOATTI a 30 ans d\u2019exp\u00e9rience dans le domaine de l\u2019architecture, de l\u2019architecture d\u2019int\u00e9rieur, de la sc\u00e9nographie et du design. Apr\u00e8s diff\u00e9rentes exp\u00e9riences en agences d\u2019architecture entre 1985 et 1994, il ouvre sa propre agence d\u2019architecture [&hellip;]<\/p>\n","protected":false},"author":2,"featured_media":589,"parent":1392,"menu_order":0,"comment_status":"closed","ping_status":"closed","template":"","meta":{"_seopress_robots_primary_cat":"","_seopress_titles_title":"","_seopress_titles_desc":"","_seopress_robots_index":"","ngg_post_thumbnail":0,"footnotes":""},"categories":[32],"tags":[83,91,106,118],"class_list":["post-1390","page","type-page","status-publish","has-post-thumbnail","hentry","category-team","tag-paris-en","tag-moatti-riviere-en","tag-architect","tag-alain-d-moatti-en"],"_links":{"self":[{"href":"https:\/\/www.moatti-riviere.com\/en\/wp-json\/wp\/v2\/pages\/1390","targetHints":{"allow":["GET"]}}],"collection":[{"href":"https:\/\/www.moatti-riviere.com\/en\/wp-json\/wp\/v2\/pages"}],"about":[{"href":"https:\/\/www.moatti-riviere.com\/en\/wp-json\/wp\/v2\/types\/page"}],"author":[{"embeddable":true,"href":"https:\/\/www.moatti-riviere.com\/en\/wp-json\/wp\/v2\/users\/2"}],"replies":[{"embeddable":true,"href":"https:\/\/www.moatti-riviere.com\/en\/wp-json\/wp\/v2\/comments?post=1390"}],"version-history":[{"count":2,"href":"https:\/\/www.moatti-riviere.com\/en\/wp-json\/wp\/v2\/pages\/1390\/revisions"}],"predecessor-version":[{"id":7211,"href":"https:\/\/www.moatti-riviere.com\/en\/wp-json\/wp\/v2\/pages\/1390\/revisions\/7211"}],"up":[{"embeddable":true,"href":"https:\/\/www.moatti-riviere.com\/en\/wp-json\/wp\/v2\/pages\/1392"}],"wp:featuredmedia":[{"embeddable":true,"href":"https:\/\/www.moatti-riviere.com\/en\/wp-json\/wp\/v2\/media\/589"}],"wp:attachment":[{"href":"https:\/\/www.moatti-riviere.com\/en\/wp-json\/wp\/v2\/media?parent=1390"}],"wp:term":[{"taxonomy":"category","embeddable":true,"href":"https:\/\/www.moatti-riviere.com\/en\/wp-json\/wp\/v2\/categories?post=1390"},{"taxonomy":"post_tag","embeddable":true,"href":"https:\/\/www.moatti-riviere.com\/en\/wp-json\/wp\/v2\/tags?post=1390"}],"curies":[{"name":"wp","href":"https:\/\/api.w.org\/{rel}","templated":true}]}}