{"id":1407,"date":"2017-11-08T11:17:26","date_gmt":"2017-11-08T10:17:26","guid":{"rendered":"http:\/\/www.moatti-riviere.com\/?page_id=1407"},"modified":"2018-06-20T22:15:49","modified_gmt":"2018-06-20T20:15:49","slug":"projects","status":"publish","type":"page","link":"https:\/\/www.moatti-riviere.com\/en\/projects","title":{"rendered":"projects"},"content":{"rendered":"<h1>flagship projects<\/h1>\n<div class=\"pt-cv-wrapper\"><div class=\"pt-cv-view pt-cv-grid pt-cv-colsys pt-cv-same-height\" id=\"pt-cv-view-9a631dcnyf\"><div data-id=\"pt-cv-page-1\" class=\"pt-cv-page\" data-cvc=\"4\" data-cvct=\"2\" data-cvcm=\"1\"><div class=\"col-md-3 col-sm-6 col-xs-12 pt-cv-content-item pt-cv-1-col\"  data-pid=\"8615\"><div class='pt-cv-ifield'><h4 class=\"pt-cv-title\"><a href=\"https:\/\/www.moatti-riviere.com\/en\/projects\/retail\/la-grande-halle-pantin\" class=\"_self cvplbd\" target=\"_self\" >La Grande Halle, Pantin<\/a><\/h4>\n<a href=\"https:\/\/www.moatti-riviere.com\/en\/projects\/retail\/la-grande-halle-pantin\" class=\"_self pt-cv-href-thumbnail pt-cv-thumb-default cvplbd\" target=\"_self\" ><img loading=\"lazy\" decoding=\"async\" width=\"300\" height=\"300\" src=\"https:\/\/www.moatti-riviere.com\/wp-content\/uploads\/2020\/12\/UNE-4-300x300.jpg\" class=\"pt-cv-thumbnail img-none skip-lazy \" alt=\"La Grande Halle, Pantin\" \/><\/a><\/div><\/div>\n<div class=\"col-md-3 col-sm-6 col-xs-12 pt-cv-content-item pt-cv-1-col\"  data-pid=\"8698\"><div class='pt-cv-ifield'><h4 class=\"pt-cv-title\"><a href=\"https:\/\/www.moatti-riviere.com\/en\/projects\/working-space\/loreal-14-rue-royale-paris\" class=\"_self cvplbd\" target=\"_self\" >L&#8217;Or\u00e9al &#8211; 14 rue Royale, Paris<\/a><\/h4>\n<a href=\"https:\/\/www.moatti-riviere.com\/en\/projects\/working-space\/loreal-14-rue-royale-paris\" class=\"_self pt-cv-href-thumbnail pt-cv-thumb-default cvplbd\" target=\"_self\" ><img loading=\"lazy\" decoding=\"async\" width=\"300\" height=\"300\" src=\"https:\/\/www.moatti-riviere.com\/wp-content\/uploads\/2024\/06\/UNE-realisation-300x300.jpg\" class=\"pt-cv-thumbnail img-none skip-lazy \" alt=\"L&#039;Or\u00e9al - 14 rue Royale, Paris\" \/><\/a><\/div><\/div>\n<div class=\"col-md-3 col-sm-6 col-xs-12 pt-cv-content-item pt-cv-1-col\"  data-pid=\"8661\"><div class='pt-cv-ifield'><h4 class=\"pt-cv-title\"><a href=\"https:\/\/www.moatti-riviere.com\/en\/projects\/working-space\/51-53-boulevard-haussmann-paris\" class=\"_self cvplbd\" target=\"_self\" >51-53 Boulevard Haussmann, Paris<\/a><\/h4>\n<a href=\"https:\/\/www.moatti-riviere.com\/en\/projects\/working-space\/51-53-boulevard-haussmann-paris\" class=\"_self pt-cv-href-thumbnail pt-cv-thumb-default cvplbd\" target=\"_self\" ><img loading=\"lazy\" decoding=\"async\" width=\"300\" height=\"300\" src=\"https:\/\/www.moatti-riviere.com\/wp-content\/uploads\/2024\/06\/UNE-realisation-1-300x300.jpg\" class=\"pt-cv-thumbnail img-none skip-lazy \" alt=\"51-53 Boulevard Haussmann, Paris\" \/><\/a><\/div><\/div>\n<div class=\"col-md-3 col-sm-6 col-xs-12 pt-cv-content-item pt-cv-1-col\"  data-pid=\"5382\"><div class='pt-cv-ifield'><h4 class=\"pt-cv-title\"><a href=\"https:\/\/www.moatti-riviere.com\/en\/projects\/retail\/centre-bourse-marseille-en\" class=\"_self cvplbd\" target=\"_self\" >Centre Bourse, Marseille<\/a><\/h4>\n<a href=\"https:\/\/www.moatti-riviere.com\/en\/projects\/retail\/centre-bourse-marseille-en\" class=\"_self pt-cv-href-thumbnail pt-cv-thumb-default cvplbd\" target=\"_self\" ><img loading=\"lazy\" decoding=\"async\" width=\"300\" height=\"300\" src=\"https:\/\/www.moatti-riviere.com\/wp-content\/uploads\/2017\/11\/CBM_Centre_Bourse_Marseille_UNE-1-300x300.jpg\" class=\"pt-cv-thumbnail img-none skip-lazy \" alt=\"Centre Bourse, Marseille\" \/><\/a><\/div><\/div>\n<div class=\"col-md-3 col-sm-6 col-xs-12 pt-cv-content-item pt-cv-1-col\"  data-pid=\"4932\"><div class='pt-cv-ifield'><h4 class=\"pt-cv-title\"><a href=\"https:\/\/www.moatti-riviere.com\/en\/projects\/equipment\/tour-eiffel-paris\" class=\"_self cvplbd\" target=\"_self\" >Eiffel Tower, Paris<\/a><\/h4>\n<a href=\"https:\/\/www.moatti-riviere.com\/en\/projects\/equipment\/tour-eiffel-paris\" class=\"_self pt-cv-href-thumbnail pt-cv-thumb-default cvplbd\" target=\"_self\" ><img loading=\"lazy\" decoding=\"async\" width=\"300\" height=\"300\" src=\"https:\/\/www.moatti-riviere.com\/wp-content\/uploads\/2017\/11\/UNE-76-300x300.jpg\" class=\"pt-cv-thumbnail img-none skip-lazy \" alt=\"Eiffel Tower, Paris\" \/><\/a><\/div><\/div>\n<div class=\"col-md-3 col-sm-6 col-xs-12 pt-cv-content-item pt-cv-1-col\"  data-pid=\"5385\"><div class='pt-cv-ifield'><h4 class=\"pt-cv-title\"><a href=\"https:\/\/www.moatti-riviere.com\/en\/projects\/cultural-space\/international-center-of-graphic-design-chaumont\" class=\"_self cvplbd\" target=\"_self\" >International Center of Graphic Design, Chaumont<\/a><\/h4>\n<a href=\"https:\/\/www.moatti-riviere.com\/en\/projects\/cultural-space\/international-center-of-graphic-design-chaumont\" class=\"_self pt-cv-href-thumbnail pt-cv-thumb-default cvplbd\" target=\"_self\" ><img loading=\"lazy\" decoding=\"async\" width=\"300\" height=\"300\" src=\"https:\/\/www.moatti-riviere.com\/wp-content\/uploads\/2018\/05\/UNE-19-300x300.jpg\" class=\"pt-cv-thumbnail img-none skip-lazy \" alt=\"International Center of Graphic Design, Chaumont\" \/><\/a><\/div><\/div>\n<div class=\"col-md-3 col-sm-6 col-xs-12 pt-cv-content-item pt-cv-1-col\"  data-pid=\"5543\"><div class='pt-cv-ifield'><h4 class=\"pt-cv-title\"><a href=\"https:\/\/www.moatti-riviere.com\/en\/projects\/equipment\/great-hall-arles\" class=\"_self cvplbd\" target=\"_self\" >Great Hall, Arles<\/a><\/h4>\n<a href=\"https:\/\/www.moatti-riviere.com\/en\/projects\/equipment\/great-hall-arles\" class=\"_self pt-cv-href-thumbnail pt-cv-thumb-default cvplbd\" target=\"_self\" ><img loading=\"lazy\" decoding=\"async\" width=\"300\" height=\"300\" src=\"https:\/\/www.moatti-riviere.com\/wp-content\/uploads\/2017\/11\/UNE-77-300x300.jpg\" class=\"pt-cv-thumbnail img-none skip-lazy \" alt=\"Great Hall, Arles\" \/><\/a><\/div><\/div>\n<div class=\"col-md-3 col-sm-6 col-xs-12 pt-cv-content-item pt-cv-1-col\"  data-pid=\"1691\"><div class='pt-cv-ifield'><h4 class=\"pt-cv-title\"><a href=\"https:\/\/www.moatti-riviere.com\/en\/projects\/cultural-space\/musee-arts-decos-borely-marseille-13\" class=\"_self cvplbd\" target=\"_self\" >Mus\u00e9e arts d\u00e9cos Bor\u00e9ly, Marseille<\/a><\/h4>\n<a href=\"https:\/\/www.moatti-riviere.com\/en\/projects\/cultural-space\/musee-arts-decos-borely-marseille-13\" class=\"_self pt-cv-href-thumbnail pt-cv-thumb-default cvplbd\" target=\"_self\" ><img loading=\"lazy\" decoding=\"async\" width=\"300\" height=\"300\" src=\"https:\/\/www.moatti-riviere.com\/wp-content\/uploads\/2017\/11\/UNE-58-300x300.jpg\" class=\"pt-cv-thumbnail img-none skip-lazy \" alt=\"Mus\u00e9e arts d\u00e9cos Bor\u00e9ly, Marseille\" \/><\/a><\/div><\/div>\n<div class=\"col-md-3 col-sm-6 col-xs-12 pt-cv-content-item pt-cv-1-col\"  data-pid=\"1700\"><div class='pt-cv-ifield'><h4 class=\"pt-cv-title\"><a href=\"https:\/\/www.moatti-riviere.com\/en\/projects\/equipment\/cultural-equipment-deauville\" class=\"_self cvplbd\" target=\"_self\" >Cultural Equipment, Deauville<\/a><\/h4>\n<a href=\"https:\/\/www.moatti-riviere.com\/en\/projects\/equipment\/cultural-equipment-deauville\" class=\"_self pt-cv-href-thumbnail pt-cv-thumb-default cvplbd\" target=\"_self\" ><img loading=\"lazy\" decoding=\"async\" width=\"300\" height=\"300\" src=\"https:\/\/www.moatti-riviere.com\/wp-content\/uploads\/2021\/12\/UNE-2-300x300.jpg\" class=\"pt-cv-thumbnail img-none skip-lazy \" alt=\"Cultural Equipment, Deauville\" \/><\/a><\/div><\/div>\n<div class=\"col-md-3 col-sm-6 col-xs-12 pt-cv-content-item pt-cv-1-col\"  data-pid=\"1742\"><div class='pt-cv-ifield'><h4 class=\"pt-cv-title\"><a href=\"https:\/\/www.moatti-riviere.com\/en\/projects\/housing\/90-housing-and-offices-charenton-pont-94\" class=\"_self cvplbd\" target=\"_self\" >90 housing and offices, Charenton-le-Pont<\/a><\/h4>\n<a href=\"https:\/\/www.moatti-riviere.com\/en\/projects\/housing\/90-housing-and-offices-charenton-pont-94\" class=\"_self pt-cv-href-thumbnail pt-cv-thumb-default cvplbd\" target=\"_self\" ><img loading=\"lazy\" decoding=\"async\" width=\"300\" height=\"300\" src=\"https:\/\/www.moatti-riviere.com\/wp-content\/uploads\/2017\/11\/UNE-37-300x300.jpg\" class=\"pt-cv-thumbnail img-none skip-lazy \" alt=\"90 housing and offices, Charenton-le-Pont\" \/><\/a><\/div><\/div>\n<div class=\"col-md-3 col-sm-6 col-xs-12 pt-cv-content-item pt-cv-1-col\"  data-pid=\"5429\"><div class='pt-cv-ifield'><h4 class=\"pt-cv-title\"><a href=\"https:\/\/www.moatti-riviere.com\/en\/projects\/retail\/65-croisette-cannes\" class=\"_self cvplbd\" target=\"_self\" >65 Croisette, Cannes<\/a><\/h4>\n<a href=\"https:\/\/www.moatti-riviere.com\/en\/projects\/retail\/65-croisette-cannes\" class=\"_self pt-cv-href-thumbnail pt-cv-thumb-default cvplbd\" target=\"_self\" ><img loading=\"lazy\" decoding=\"async\" width=\"300\" height=\"300\" src=\"https:\/\/www.moatti-riviere.com\/wp-content\/uploads\/2018\/05\/UNE-2-300x300.jpg\" class=\"pt-cv-thumbnail img-none skip-lazy \" alt=\"65 Croisette, Cannes\" \/><\/a><\/div><\/div>\n<div class=\"col-md-3 col-sm-6 col-xs-12 pt-cv-content-item pt-cv-1-col\"  data-pid=\"1715\"><div class='pt-cv-ifield'><h4 class=\"pt-cv-title\"><a href=\"https:\/\/www.moatti-riviere.com\/en\/projects\/retail\/headquarters-for-the-jean-paul-gaultier-group-paris-75\" class=\"_self cvplbd\" target=\"_self\" >Headquarters for the Jean-Paul Gaultier Group, Paris<\/a><\/h4>\n<a href=\"https:\/\/www.moatti-riviere.com\/en\/projects\/retail\/headquarters-for-the-jean-paul-gaultier-group-paris-75\" class=\"_self pt-cv-href-thumbnail pt-cv-thumb-default cvplbd\" target=\"_self\" ><img loading=\"lazy\" decoding=\"async\" width=\"300\" height=\"300\" src=\"https:\/\/www.moatti-riviere.com\/wp-content\/uploads\/2017\/11\/UNE-32-300x300.jpg\" class=\"pt-cv-thumbnail img-none skip-lazy \" alt=\"Headquarters for the Jean-Paul Gaultier Group, Paris\" \/><\/a><\/div><\/div>\n<div class=\"col-md-3 col-sm-6 col-xs-12 pt-cv-content-item pt-cv-1-col\"  data-pid=\"5566\"><div class='pt-cv-ifield'><h4 class=\"pt-cv-title\"><a href=\"https:\/\/www.moatti-riviere.com\/en\/projects\/cultural-space\/hotel-de-marine-paris\" class=\"_self cvplbd\" target=\"_self\" >H\u00f4tel de la Marine, Paris<\/a><\/h4>\n<a href=\"https:\/\/www.moatti-riviere.com\/en\/projects\/cultural-space\/hotel-de-marine-paris\" class=\"_self pt-cv-href-thumbnail pt-cv-thumb-default cvplbd\" target=\"_self\" ><img loading=\"lazy\" decoding=\"async\" width=\"300\" height=\"300\" src=\"https:\/\/www.moatti-riviere.com\/wp-content\/uploads\/2017\/11\/UNE-66-300x300.jpg\" class=\"pt-cv-thumbnail img-none skip-lazy \" alt=\"H\u00f4tel de la Marine, Paris\" \/><\/a><\/div><\/div>\n<div class=\"col-md-3 col-sm-6 col-xs-12 pt-cv-content-item pt-cv-1-col\"  data-pid=\"5425\"><div class='pt-cv-ifield'><h4 class=\"pt-cv-title\"><a href=\"https:\/\/www.moatti-riviere.com\/en\/projects\/retail\/shopping-center-lyon-bron\" class=\"_self cvplbd\" target=\"_self\" >Shopping Center, Lyon Bron<\/a><\/h4>\n<a href=\"https:\/\/www.moatti-riviere.com\/en\/projects\/retail\/shopping-center-lyon-bron\" class=\"_self pt-cv-href-thumbnail pt-cv-thumb-default cvplbd\" target=\"_self\" ><img loading=\"lazy\" decoding=\"async\" width=\"300\" height=\"300\" src=\"https:\/\/www.moatti-riviere.com\/wp-content\/uploads\/2017\/11\/UNE-30-300x300.jpg\" class=\"pt-cv-thumbnail img-none skip-lazy \" alt=\"Shopping Center, Lyon Bron\" \/><\/a><\/div><\/div>\n<div class=\"col-md-3 col-sm-6 col-xs-12 pt-cv-content-item pt-cv-1-col\"  data-pid=\"5431\"><div class='pt-cv-ifield'><h4 class=\"pt-cv-title\"><a href=\"https:\/\/www.moatti-riviere.com\/en\/projects\/retail\/espace-commercial-hotel-jw-marriott-cannes\" class=\"_self cvplbd\" target=\"_self\" >Commercial Space, Hotel JW Marriott, Cannes<\/a><\/h4>\n<a href=\"https:\/\/www.moatti-riviere.com\/en\/projects\/retail\/espace-commercial-hotel-jw-marriott-cannes\" class=\"_self pt-cv-href-thumbnail pt-cv-thumb-default cvplbd\" target=\"_self\" ><img loading=\"lazy\" decoding=\"async\" width=\"300\" height=\"300\" src=\"https:\/\/www.moatti-riviere.com\/wp-content\/uploads\/2018\/06\/UNE-300x300.jpg\" class=\"pt-cv-thumbnail img-none skip-lazy \" alt=\"Commercial Space, Hotel JW Marriott, Cannes\" \/><\/a><\/div><\/div>\n<div class=\"col-md-3 col-sm-6 col-xs-12 pt-cv-content-item pt-cv-1-col\"  data-pid=\"5438\"><div class='pt-cv-ifield'><h4 class=\"pt-cv-title\"><a href=\"https:\/\/www.moatti-riviere.com\/en\/projects\/retail\/commercial-complex-ibiza-spain\" class=\"_self cvplbd\" target=\"_self\" >Commercial complex, Ibiza<\/a><\/h4>\n<a href=\"https:\/\/www.moatti-riviere.com\/en\/projects\/retail\/commercial-complex-ibiza-spain\" class=\"_self pt-cv-href-thumbnail pt-cv-thumb-default cvplbd\" target=\"_self\" ><img loading=\"lazy\" decoding=\"async\" width=\"300\" height=\"300\" src=\"https:\/\/www.moatti-riviere.com\/wp-content\/uploads\/2018\/03\/UNE-2-300x300.jpg\" class=\"pt-cv-thumbnail img-none skip-lazy \" alt=\"Commercial complex, Ibiza\" \/><\/a><\/div><\/div><\/div><\/div><\/div>\t\t\t<style type=\"text\/css\" id=\"pt-cv-inline-style-89303e129f\">#pt-cv-view-9a631dcnyf .pt-cv-title a, #pt-cv-view-9a631dcnyf  .panel-title { font-weight: 600 !important; }\n#pt-cv-view-9a631dcnyf .pt-cv-readmore  { color: #dd0000 !important; background-color: #ffffff !important; }\n#pt-cv-view-9a631dcnyf .pt-cv-readmore:hover  { color: #ffffff !important; background-color: #dd0000 !important; }<\/style>\r\n\t\t\t\n<hr>\n<h1>projects by category<\/h1>\n<div class=\"pt-cv-wrapper\"><h3 class=\"pt-cv-parent-title\"><a href=\"https:\/\/www.moatti-riviere.com\/en\/projects\">projects<\/a><\/h3><div class=\"pt-cv-view pt-cv-grid pt-cv-colsys\" id=\"pt-cv-view-8228bb2l5t\"><div data-id=\"pt-cv-page-1\" class=\"pt-cv-page\" data-cvc=\"4\"><div class=\"col-md-3 col-sm-6 col-xs-12 pt-cv-content-item pt-cv-1-col\"  data-pid=\"1705\"><div class='pt-cv-ifield'><a href=\"https:\/\/www.moatti-riviere.com\/en\/projects\/retail\" class=\"_self pt-cv-href-thumbnail pt-cv-thumb-default cvplbd\" target=\"_self\" ><img loading=\"lazy\" decoding=\"async\" width=\"285\" height=\"285\" src=\"https:\/\/www.moatti-riviere.com\/wp-content\/uploads\/2017\/11\/CBM_Centre_Bourse_Marseille_002-1-285x285.jpg\" class=\"pt-cv-thumbnail img-none\" alt=\"retail\" srcset=\"https:\/\/www.moatti-riviere.com\/wp-content\/uploads\/2017\/11\/CBM_Centre_Bourse_Marseille_002-1-285x285.jpg 285w, https:\/\/www.moatti-riviere.com\/wp-content\/uploads\/2017\/11\/CBM_Centre_Bourse_Marseille_002-1-1140x1140.jpg 1140w, https:\/\/www.moatti-riviere.com\/wp-content\/uploads\/2017\/11\/CBM_Centre_Bourse_Marseille_002-1-570x570.jpg 570w, https:\/\/www.moatti-riviere.com\/wp-content\/uploads\/2017\/11\/CBM_Centre_Bourse_Marseille_002-1-380x380.jpg 380w\" sizes=\"auto, (max-width: 285px) 100vw, 285px\" \/><\/a>\n<h4 class=\"pt-cv-title\"><a href=\"https:\/\/www.moatti-riviere.com\/en\/projects\/retail\" class=\"_self cvplbd\" target=\"_self\" >retail<\/a><\/h4><\/div><\/div>\n<div class=\"col-md-3 col-sm-6 col-xs-12 pt-cv-content-item pt-cv-1-col\"  data-pid=\"1723\"><div class='pt-cv-ifield'><a href=\"https:\/\/www.moatti-riviere.com\/en\/projects\/working-space\" class=\"_self pt-cv-href-thumbnail pt-cv-thumb-default cvplbd\" target=\"_self\" ><img loading=\"lazy\" decoding=\"async\" width=\"285\" height=\"285\" src=\"https:\/\/www.moatti-riviere.com\/wp-content\/uploads\/2017\/11\/BLP_Bureaux_Lagardere_Paris_UNE-1-285x285.jpg\" class=\"pt-cv-thumbnail img-none\" alt=\"working space\" srcset=\"https:\/\/www.moatti-riviere.com\/wp-content\/uploads\/2017\/11\/BLP_Bureaux_Lagardere_Paris_UNE-1-285x285.jpg 285w, https:\/\/www.moatti-riviere.com\/wp-content\/uploads\/2017\/11\/BLP_Bureaux_Lagardere_Paris_UNE-1-300x300.jpg 300w, https:\/\/www.moatti-riviere.com\/wp-content\/uploads\/2017\/11\/BLP_Bureaux_Lagardere_Paris_UNE-1-200x200.jpg 200w, https:\/\/www.moatti-riviere.com\/wp-content\/uploads\/2017\/11\/BLP_Bureaux_Lagardere_Paris_UNE-1-380x380.jpg 380w, https:\/\/www.moatti-riviere.com\/wp-content\/uploads\/2017\/11\/BLP_Bureaux_Lagardere_Paris_UNE-1.jpg 400w\" sizes=\"auto, (max-width: 285px) 100vw, 285px\" \/><\/a>\n<h4 class=\"pt-cv-title\"><a href=\"https:\/\/www.moatti-riviere.com\/en\/projects\/working-space\" class=\"_self cvplbd\" target=\"_self\" >working space<\/a><\/h4><\/div><\/div>\n<div class=\"col-md-3 col-sm-6 col-xs-12 pt-cv-content-item pt-cv-1-col\"  data-pid=\"1709\"><div class='pt-cv-ifield'><a href=\"https:\/\/www.moatti-riviere.com\/en\/projects\/restaurant-hotel\" class=\"_self pt-cv-href-thumbnail pt-cv-thumb-default cvplbd\" target=\"_self\" ><img loading=\"lazy\" decoding=\"async\" width=\"285\" height=\"285\" src=\"https:\/\/www.moatti-riviere.com\/wp-content\/uploads\/2017\/11\/hotel-285x285.jpg\" class=\"pt-cv-thumbnail img-none\" alt=\"hotel | restaurant\" srcset=\"https:\/\/www.moatti-riviere.com\/wp-content\/uploads\/2017\/11\/hotel-285x285.jpg 285w, https:\/\/www.moatti-riviere.com\/wp-content\/uploads\/2017\/11\/hotel-570x570.jpg 570w, https:\/\/www.moatti-riviere.com\/wp-content\/uploads\/2017\/11\/hotel-380x380.jpg 380w\" sizes=\"auto, (max-width: 285px) 100vw, 285px\" \/><\/a>\n<h4 class=\"pt-cv-title\"><a href=\"https:\/\/www.moatti-riviere.com\/en\/projects\/restaurant-hotel\" class=\"_self cvplbd\" target=\"_self\" >hotel | restaurant<\/a><\/h4><\/div><\/div>\n<div class=\"col-md-3 col-sm-6 col-xs-12 pt-cv-content-item pt-cv-1-col\"  data-pid=\"1733\"><div class='pt-cv-ifield'><a href=\"https:\/\/www.moatti-riviere.com\/en\/projects\/housing\" class=\"_self pt-cv-href-thumbnail pt-cv-thumb-default cvplbd\" target=\"_self\" ><img loading=\"lazy\" decoding=\"async\" width=\"285\" height=\"285\" src=\"https:\/\/www.moatti-riviere.com\/wp-content\/uploads\/2017\/11\/CHA_Logements_Chanzy_Montreuil_actualites-285x285.jpg\" class=\"pt-cv-thumbnail img-none\" alt=\"housing\" srcset=\"https:\/\/www.moatti-riviere.com\/wp-content\/uploads\/2017\/11\/CHA_Logements_Chanzy_Montreuil_actualites-285x285.jpg 285w, https:\/\/www.moatti-riviere.com\/wp-content\/uploads\/2017\/11\/CHA_Logements_Chanzy_Montreuil_actualites-300x300.jpg 300w, https:\/\/www.moatti-riviere.com\/wp-content\/uploads\/2017\/11\/CHA_Logements_Chanzy_Montreuil_actualites-200x200.jpg 200w, https:\/\/www.moatti-riviere.com\/wp-content\/uploads\/2017\/11\/CHA_Logements_Chanzy_Montreuil_actualites-380x380.jpg 380w, https:\/\/www.moatti-riviere.com\/wp-content\/uploads\/2017\/11\/CHA_Logements_Chanzy_Montreuil_actualites.jpg 400w\" sizes=\"auto, (max-width: 285px) 100vw, 285px\" \/><\/a>\n<h4 class=\"pt-cv-title\"><a href=\"https:\/\/www.moatti-riviere.com\/en\/projects\/housing\" class=\"_self cvplbd\" target=\"_self\" >housing<\/a><\/h4><\/div><\/div>\n<div class=\"col-md-3 col-sm-6 col-xs-12 pt-cv-content-item pt-cv-1-col\"  data-pid=\"1696\"><div class='pt-cv-ifield'><a href=\"https:\/\/www.moatti-riviere.com\/en\/projects\/equipment\" class=\"_self pt-cv-href-thumbnail pt-cv-thumb-default cvplbd\" target=\"_self\" ><img loading=\"lazy\" decoding=\"async\" width=\"285\" height=\"285\" src=\"https:\/\/www.moatti-riviere.com\/wp-content\/uploads\/2017\/11\/vue-haute-light-285x285.jpg\" class=\"pt-cv-thumbnail img-none\" alt=\"equipment\" srcset=\"https:\/\/www.moatti-riviere.com\/wp-content\/uploads\/2017\/11\/vue-haute-light-285x285.jpg 285w, https:\/\/www.moatti-riviere.com\/wp-content\/uploads\/2017\/11\/vue-haute-light-1140x1140.jpg 1140w, https:\/\/www.moatti-riviere.com\/wp-content\/uploads\/2017\/11\/vue-haute-light-570x570.jpg 570w, https:\/\/www.moatti-riviere.com\/wp-content\/uploads\/2017\/11\/vue-haute-light-380x380.jpg 380w\" sizes=\"auto, (max-width: 285px) 100vw, 285px\" \/><\/a>\n<h4 class=\"pt-cv-title\"><a href=\"https:\/\/www.moatti-riviere.com\/en\/projects\/equipment\" class=\"_self cvplbd\" target=\"_self\" >equipment<\/a><\/h4><\/div><\/div>\n<div class=\"col-md-3 col-sm-6 col-xs-12 pt-cv-content-item pt-cv-1-col\"  data-pid=\"1685\"><div class='pt-cv-ifield'><a href=\"https:\/\/www.moatti-riviere.com\/en\/projects\/cultural-space\" class=\"_self pt-cv-href-thumbnail pt-cv-thumb-default cvplbd\" target=\"_self\" ><img loading=\"lazy\" decoding=\"async\" width=\"285\" height=\"285\" src=\"https:\/\/www.moatti-riviere.com\/wp-content\/uploads\/2017\/11\/MCF_Mus\u00e9e_Champollion_Figeac_001-285x285.jpg\" class=\"pt-cv-thumbnail img-none\" alt=\"cultural space\" srcset=\"https:\/\/www.moatti-riviere.com\/wp-content\/uploads\/2017\/11\/MCF_Mus\u00e9e_Champollion_Figeac_001-285x285.jpg 285w, https:\/\/www.moatti-riviere.com\/wp-content\/uploads\/2017\/11\/MCF_Mus\u00e9e_Champollion_Figeac_001-1140x1140.jpg 1140w, https:\/\/www.moatti-riviere.com\/wp-content\/uploads\/2017\/11\/MCF_Mus\u00e9e_Champollion_Figeac_001-570x570.jpg 570w, https:\/\/www.moatti-riviere.com\/wp-content\/uploads\/2017\/11\/MCF_Mus\u00e9e_Champollion_Figeac_001-380x380.jpg 380w\" sizes=\"auto, (max-width: 285px) 100vw, 285px\" \/><\/a>\n<h4 class=\"pt-cv-title\"><a href=\"https:\/\/www.moatti-riviere.com\/en\/projects\/cultural-space\" class=\"_self cvplbd\" target=\"_self\" >cultural space<\/a><\/h4><\/div><\/div>\n<div class=\"col-md-3 col-sm-6 col-xs-12 pt-cv-content-item pt-cv-1-col\"  data-pid=\"1717\"><div class='pt-cv-ifield'><a href=\"https:\/\/www.moatti-riviere.com\/en\/projects\/education\" class=\"_self pt-cv-href-thumbnail pt-cv-thumb-default cvplbd\" target=\"_self\" ><img loading=\"lazy\" decoding=\"async\" width=\"285\" height=\"285\" src=\"https:\/\/www.moatti-riviere.com\/wp-content\/uploads\/2017\/09\/MOATTI-RIVIERE_MEDIACAMPUS_081703-285x285.jpg\" class=\"pt-cv-thumbnail img-none\" alt=\"education\" srcset=\"https:\/\/www.moatti-riviere.com\/wp-content\/uploads\/2017\/09\/MOATTI-RIVIERE_MEDIACAMPUS_081703-285x285.jpg 285w, https:\/\/www.moatti-riviere.com\/wp-content\/uploads\/2017\/09\/MOATTI-RIVIERE_MEDIACAMPUS_081703-1140x1140.jpg 1140w, https:\/\/www.moatti-riviere.com\/wp-content\/uploads\/2017\/09\/MOATTI-RIVIERE_MEDIACAMPUS_081703-570x570.jpg 570w, https:\/\/www.moatti-riviere.com\/wp-content\/uploads\/2017\/09\/MOATTI-RIVIERE_MEDIACAMPUS_081703-380x380.jpg 380w\" sizes=\"auto, (max-width: 285px) 100vw, 285px\" \/><\/a>\n<h4 class=\"pt-cv-title\"><a href=\"https:\/\/www.moatti-riviere.com\/en\/projects\/education\" class=\"_self cvplbd\" target=\"_self\" >education<\/a><\/h4><\/div><\/div>\n<div class=\"col-md-3 col-sm-6 col-xs-12 pt-cv-content-item pt-cv-1-col\"  data-pid=\"1738\"><div class='pt-cv-ifield'><a href=\"https:\/\/www.moatti-riviere.com\/en\/projects\/design-scenography\" class=\"_self pt-cv-href-thumbnail pt-cv-thumb-default cvplbd\" target=\"_self\" ><img loading=\"lazy\" decoding=\"async\" width=\"285\" height=\"285\" src=\"https:\/\/www.moatti-riviere.com\/wp-content\/uploads\/2017\/11\/BDD_Baccarat_Designer_Day_UNE-285x285.jpg\" class=\"pt-cv-thumbnail img-none\" alt=\"design | scenography\" srcset=\"https:\/\/www.moatti-riviere.com\/wp-content\/uploads\/2017\/11\/BDD_Baccarat_Designer_Day_UNE-285x285.jpg 285w, https:\/\/www.moatti-riviere.com\/wp-content\/uploads\/2017\/11\/BDD_Baccarat_Designer_Day_UNE-300x300.jpg 300w, https:\/\/www.moatti-riviere.com\/wp-content\/uploads\/2017\/11\/BDD_Baccarat_Designer_Day_UNE-200x200.jpg 200w, https:\/\/www.moatti-riviere.com\/wp-content\/uploads\/2017\/11\/BDD_Baccarat_Designer_Day_UNE-380x380.jpg 380w, https:\/\/www.moatti-riviere.com\/wp-content\/uploads\/2017\/11\/BDD_Baccarat_Designer_Day_UNE.jpg 400w\" sizes=\"auto, (max-width: 285px) 100vw, 285px\" \/><\/a>\n<h4 class=\"pt-cv-title\"><a href=\"https:\/\/www.moatti-riviere.com\/en\/projects\/design-scenography\" class=\"_self cvplbd\" target=\"_self\" >design | scenography<\/a><\/h4><\/div><\/div><\/div><\/div><\/div>\t\t\t<style type=\"text\/css\" id=\"pt-cv-inline-style-d2233968k3\">#pt-cv-view-8228bb2l5t .pt-cv-title a, #pt-cv-view-8228bb2l5t  .panel-title { font-weight: 600 !important; }\n#pt-cv-view-8228bb2l5t .pt-cv-readmore  { color: #dd0000 !important; background-color: #ffffff !important; }\n#pt-cv-view-8228bb2l5t .pt-cv-readmore:hover  { color: #ffffff !important; background-color: #dd0000 !important; }<\/style>\r\n\t\t\t\n","protected":false},"excerpt":{"rendered":"<p>flagship projects projects by category<\/p>\n","protected":false},"author":2,"featured_media":7127,"parent":0,"menu_order":3,"comment_status":"closed","ping_status":"closed","template":"","meta":{"_seopress_robots_primary_cat":"","_seopress_titles_title":"","_seopress_titles_desc":"","_seopress_robots_index":"","ngg_post_thumbnail":0,"footnotes":""},"categories":[],"tags":[],"class_list":["post-1407","page","type-page","status-publish","has-post-thumbnail","hentry"],"_links":{"self":[{"href":"https:\/\/www.moatti-riviere.com\/en\/wp-json\/wp\/v2\/pages\/1407","targetHints":{"allow":["GET"]}}],"collection":[{"href":"https:\/\/www.moatti-riviere.com\/en\/wp-json\/wp\/v2\/pages"}],"about":[{"href":"https:\/\/www.moatti-riviere.com\/en\/wp-json\/wp\/v2\/types\/page"}],"author":[{"embeddable":true,"href":"https:\/\/www.moatti-riviere.com\/en\/wp-json\/wp\/v2\/users\/2"}],"replies":[{"embeddable":true,"href":"https:\/\/www.moatti-riviere.com\/en\/wp-json\/wp\/v2\/comments?post=1407"}],"version-history":[{"count":2,"href":"https:\/\/www.moatti-riviere.com\/en\/wp-json\/wp\/v2\/pages\/1407\/revisions"}],"predecessor-version":[{"id":7275,"href":"https:\/\/www.moatti-riviere.com\/en\/wp-json\/wp\/v2\/pages\/1407\/revisions\/7275"}],"wp:featuredmedia":[{"embeddable":true,"href":"https:\/\/www.moatti-riviere.com\/en\/wp-json\/wp\/v2\/media\/7127"}],"wp:attachment":[{"href":"https:\/\/www.moatti-riviere.com\/en\/wp-json\/wp\/v2\/media?parent=1407"}],"wp:term":[{"taxonomy":"category","embeddable":true,"href":"https:\/\/www.moatti-riviere.com\/en\/wp-json\/wp\/v2\/categories?post=1407"},{"taxonomy":"post_tag","embeddable":true,"href":"https:\/\/www.moatti-riviere.com\/en\/wp-json\/wp\/v2\/tags?post=1407"}],"curies":[{"name":"wp","href":"https:\/\/api.w.org\/{rel}","templated":true}]}}