{"id":1409,"date":"2017-11-09T15:55:14","date_gmt":"2017-11-09T14:55:14","guid":{"rendered":"http:\/\/www.moatti-riviere.com\/?page_id=1409"},"modified":"2018-06-16T15:58:39","modified_gmt":"2018-06-16T13:58:39","slug":"mathilde-felix-faure","status":"publish","type":"page","link":"https:\/\/www.moatti-riviere.com\/en\/agency\/team\/mathilde-felix-faure","title":{"rendered":"Mathilde F\u00e9lix-Faure"},"content":{"rendered":"<p>&nbsp;<\/p>\n<h2 style=\"text-align: justify;\"><img alt=\"\" loading=\"lazy\" decoding=\"async\" class=\"alignleft wp-image-224 size-medium\" src=\"https:\/\/www.moatti-riviere.com\/wp-content\/uploads\/2017\/11\/Mathilde-225x300.jpg\" alt=\"\" width=\"225\" height=\"300\" srcset=\"https:\/\/www.moatti-riviere.com\/wp-content\/uploads\/2017\/11\/Mathilde-225x300.jpg 225w, https:\/\/www.moatti-riviere.com\/wp-content\/uploads\/2017\/11\/Mathilde-150x200.jpg 150w, https:\/\/www.moatti-riviere.com\/wp-content\/uploads\/2017\/11\/Mathilde-768x1024.jpg 768w, https:\/\/www.moatti-riviere.com\/wp-content\/uploads\/2017\/11\/Mathilde.jpg 1125w\" sizes=\"auto, (max-width: 225px) 100vw, 225px\" \/>Architecte chef de projet<\/h2>\n<p style=\"text-align: justify;\">Architecte DPLG dipl\u00f4m\u00e9 de l\u2019Ecole d\u2019Architecture de Grenoble, avec formation et parcours professionnel internationaux (\u00e9tudes au Canada, long s\u00e9jour professionnel en Espagne), Mathilde FELIX-FAURE est chef de projet \u00e0 l\u2019agence Moatti-Rivi\u00e8re depuis 2009.<\/p>\n<p style=\"text-align: justify;\">Au sein de l\u2019agence elle suit en particulier des projets d\u2019architecture d\u2019int\u00e9rieur et mus\u00e9ographie : r\u00e9alisation du Mus\u00e9e des Arts d\u00e9coratifs et de la Mode au Ch\u00e2teau Bor\u00e9ly \u00e0 Marseille et du Mus\u00e9e de la Gendarmerie \u00e0 Melun.<\/p>\n<p style=\"text-align: justify;\">A l\u2019\u00e9tranger, au Liban, elle a suivi le projet du restaurant et du salon de th\u00e9 du chef \u00e9toil\u00e9 Yannick All\u00e9no \u00e0 Beirut.<\/p>\n<p style=\"text-align: justify;\">Elle a suivi les \u00e9tudes suivantes : gares du Grand Paris ; design concept des boutiques Baccarat dans le monde ; projet de restaurant et spa pour un h\u00f4tel 5* \u00e0 Beirut ; Minist\u00e8re de la Culture du Barhein.<\/p>\n<p style=\"text-align: justify;\">De la phase \u00e9tude au suivi de chantier Mathilde FELIX-FAURE exerce ses comp\u00e9tences d\u2019architecte et architecte d\u2019int\u00e9rieur sachant travailler en \u00e9quipe avec rigueur et passion.<\/p>\n","protected":false},"excerpt":{"rendered":"<p>&nbsp; Architecte chef de projet Architecte DPLG dipl\u00f4m\u00e9 de l\u2019Ecole d\u2019Architecture de Grenoble, avec formation et parcours professionnel internationaux (\u00e9tudes au Canada, long s\u00e9jour professionnel en Espagne), Mathilde FELIX-FAURE est chef de projet \u00e0 l\u2019agence Moatti-Rivi\u00e8re depuis 2009. Au sein de l\u2019agence elle suit en particulier des projets d\u2019architecture d\u2019int\u00e9rieur et mus\u00e9ographie : r\u00e9alisation du [&hellip;]<\/p>\n","protected":false},"author":2,"featured_media":225,"parent":1392,"menu_order":1,"comment_status":"closed","ping_status":"closed","template":"","meta":{"_seopress_robots_primary_cat":"","_seopress_titles_title":"","_seopress_titles_desc":"","_seopress_robots_index":"","ngg_post_thumbnail":0,"footnotes":""},"categories":[32],"tags":[83,91,106,114],"class_list":["post-1409","page","type-page","status-publish","has-post-thumbnail","hentry","category-team","tag-paris-en","tag-moatti-riviere-en","tag-architect","tag-mathilde-felix-faure-en"],"_links":{"self":[{"href":"https:\/\/www.moatti-riviere.com\/en\/wp-json\/wp\/v2\/pages\/1409","targetHints":{"allow":["GET"]}}],"collection":[{"href":"https:\/\/www.moatti-riviere.com\/en\/wp-json\/wp\/v2\/pages"}],"about":[{"href":"https:\/\/www.moatti-riviere.com\/en\/wp-json\/wp\/v2\/types\/page"}],"author":[{"embeddable":true,"href":"https:\/\/www.moatti-riviere.com\/en\/wp-json\/wp\/v2\/users\/2"}],"replies":[{"embeddable":true,"href":"https:\/\/www.moatti-riviere.com\/en\/wp-json\/wp\/v2\/comments?post=1409"}],"version-history":[{"count":1,"href":"https:\/\/www.moatti-riviere.com\/en\/wp-json\/wp\/v2\/pages\/1409\/revisions"}],"predecessor-version":[{"id":7212,"href":"https:\/\/www.moatti-riviere.com\/en\/wp-json\/wp\/v2\/pages\/1409\/revisions\/7212"}],"up":[{"embeddable":true,"href":"https:\/\/www.moatti-riviere.com\/en\/wp-json\/wp\/v2\/pages\/1392"}],"wp:featuredmedia":[{"embeddable":true,"href":"https:\/\/www.moatti-riviere.com\/en\/wp-json\/wp\/v2\/media\/225"}],"wp:attachment":[{"href":"https:\/\/www.moatti-riviere.com\/en\/wp-json\/wp\/v2\/media?parent=1409"}],"wp:term":[{"taxonomy":"category","embeddable":true,"href":"https:\/\/www.moatti-riviere.com\/en\/wp-json\/wp\/v2\/categories?post=1409"},{"taxonomy":"post_tag","embeddable":true,"href":"https:\/\/www.moatti-riviere.com\/en\/wp-json\/wp\/v2\/tags?post=1409"}],"curies":[{"name":"wp","href":"https:\/\/api.w.org\/{rel}","templated":true}]}}