{"id":1411,"date":"2017-11-09T15:57:45","date_gmt":"2017-11-09T14:57:45","guid":{"rendered":"http:\/\/www.moatti-riviere.com\/?page_id=1411"},"modified":"2018-06-16T15:59:44","modified_gmt":"2018-06-16T13:59:44","slug":"marie-pierre-guerin","status":"publish","type":"page","link":"https:\/\/www.moatti-riviere.com\/en\/agency\/team\/marie-pierre-guerin","title":{"rendered":"Marie-Pierre Gu\u00e9rin"},"content":{"rendered":"<p>&nbsp;<\/p>\n<h2 style=\"text-align: justify;\"><img alt=\"\" loading=\"lazy\" decoding=\"async\" class=\"alignleft wp-image-240 size-medium\" src=\"https:\/\/www.moatti-riviere.com\/wp-content\/uploads\/2017\/11\/Marie-Pierre-225x300.jpg\" alt=\"\" width=\"225\" height=\"300\" srcset=\"https:\/\/www.moatti-riviere.com\/wp-content\/uploads\/2017\/11\/Marie-Pierre-225x300.jpg 225w, https:\/\/www.moatti-riviere.com\/wp-content\/uploads\/2017\/11\/Marie-Pierre-150x200.jpg 150w, https:\/\/www.moatti-riviere.com\/wp-content\/uploads\/2017\/11\/Marie-Pierre-768x1024.jpg 768w, https:\/\/www.moatti-riviere.com\/wp-content\/uploads\/2017\/11\/Marie-Pierre.jpg 1125w\" sizes=\"auto, (max-width: 225px) 100vw, 225px\" \/>Architecte chef de projet<\/h2>\n<div>\n<div>\n<p style=\"text-align: justify;\">Architecte DPLG de l\u2019Ecole d\u2019Architecture de Paris La Villette Marie-Pierre GUERIN est chef de projet \u00e0 l\u2019agence Moatti-Rivi\u00e8re depuis 2006, apr\u00e8s une longue exp\u00e9rience professionnelle aupr\u00e8s d\u2019une agence de Grenoble.<\/p>\n<p style=\"text-align: justify;\">Au sein de l\u2019agence elle suit des projets institutionnels : r\u00e9am\u00e9nagement du 1er \u00e9tage de la Tour Eiffel (2014); r\u00e9alisation du Centre Internationale du Graphisme \u00e0 Chaumont (2015); cr\u00e9ation du Centre de conf\u00e9rences de la Banque de France \u00e0 Paris (2012). Etudes \/ concours&nbsp;: Cit\u00e9 du risque \u00e0 Saint-Quentin (2013)&nbsp;; Poste du Louvre \u00e0 Paris (2012)&nbsp;; Mus\u00e9e Albert Kahn \u00e0 Boulogne-Billancourt (2012)&nbsp;; Cit\u00e9 de la monnaie et de l\u2019\u00e9conomie \u00e0 Paris (2010)&nbsp;; Mus\u00e9e du Louvre \u00e0 Paris (2010).<\/p>\n<p style=\"text-align: justify;\">S\u00e9rieux, pr\u00e9cision, engagement sont ses qualit\u00e9s.<\/p>\n<\/div>\n<\/div>\n","protected":false},"excerpt":{"rendered":"<p>&nbsp; Architecte chef de projet Architecte DPLG de l\u2019Ecole d\u2019Architecture de Paris La Villette Marie-Pierre GUERIN est chef de projet \u00e0 l\u2019agence Moatti-Rivi\u00e8re depuis 2006, apr\u00e8s une longue exp\u00e9rience professionnelle aupr\u00e8s d\u2019une agence de Grenoble. Au sein de l\u2019agence elle suit des projets institutionnels : r\u00e9am\u00e9nagement du 1er \u00e9tage de la Tour Eiffel (2014); r\u00e9alisation [&hellip;]<\/p>\n","protected":false},"author":2,"featured_media":241,"parent":1392,"menu_order":2,"comment_status":"closed","ping_status":"closed","template":"","meta":{"_seopress_robots_primary_cat":"","_seopress_titles_title":"","_seopress_titles_desc":"","_seopress_robots_index":"","ngg_post_thumbnail":0,"footnotes":""},"categories":[32],"tags":[83,91,106,113],"class_list":["post-1411","page","type-page","status-publish","has-post-thumbnail","hentry","category-team","tag-paris-en","tag-moatti-riviere-en","tag-architect","tag-marie-pierre-guerin-en"],"_links":{"self":[{"href":"https:\/\/www.moatti-riviere.com\/en\/wp-json\/wp\/v2\/pages\/1411","targetHints":{"allow":["GET"]}}],"collection":[{"href":"https:\/\/www.moatti-riviere.com\/en\/wp-json\/wp\/v2\/pages"}],"about":[{"href":"https:\/\/www.moatti-riviere.com\/en\/wp-json\/wp\/v2\/types\/page"}],"author":[{"embeddable":true,"href":"https:\/\/www.moatti-riviere.com\/en\/wp-json\/wp\/v2\/users\/2"}],"replies":[{"embeddable":true,"href":"https:\/\/www.moatti-riviere.com\/en\/wp-json\/wp\/v2\/comments?post=1411"}],"version-history":[{"count":1,"href":"https:\/\/www.moatti-riviere.com\/en\/wp-json\/wp\/v2\/pages\/1411\/revisions"}],"predecessor-version":[{"id":7213,"href":"https:\/\/www.moatti-riviere.com\/en\/wp-json\/wp\/v2\/pages\/1411\/revisions\/7213"}],"up":[{"embeddable":true,"href":"https:\/\/www.moatti-riviere.com\/en\/wp-json\/wp\/v2\/pages\/1392"}],"wp:featuredmedia":[{"embeddable":true,"href":"https:\/\/www.moatti-riviere.com\/en\/wp-json\/wp\/v2\/media\/241"}],"wp:attachment":[{"href":"https:\/\/www.moatti-riviere.com\/en\/wp-json\/wp\/v2\/media?parent=1411"}],"wp:term":[{"taxonomy":"category","embeddable":true,"href":"https:\/\/www.moatti-riviere.com\/en\/wp-json\/wp\/v2\/categories?post=1411"},{"taxonomy":"post_tag","embeddable":true,"href":"https:\/\/www.moatti-riviere.com\/en\/wp-json\/wp\/v2\/tags?post=1411"}],"curies":[{"name":"wp","href":"https:\/\/api.w.org\/{rel}","templated":true}]}}