{"id":1413,"date":"2017-11-09T15:59:31","date_gmt":"2017-11-09T14:59:31","guid":{"rendered":"http:\/\/www.moatti-riviere.com\/?page_id=1413"},"modified":"2018-06-16T16:00:49","modified_gmt":"2018-06-16T14:00:49","slug":"fabio-bezzecchi","status":"publish","type":"page","link":"https:\/\/www.moatti-riviere.com\/en\/agency\/team\/fabio-bezzecchi","title":{"rendered":"Fabio Bezzecchi"},"content":{"rendered":"<p>&nbsp;<\/p>\n<h2 style=\"text-align: justify;\"><img alt=\"\" loading=\"lazy\" decoding=\"async\" class=\"alignleft wp-image-244 size-medium\" src=\"https:\/\/www.moatti-riviere.com\/wp-content\/uploads\/2017\/11\/Fabio-225x300.jpg\" alt=\"\" width=\"225\" height=\"300\" srcset=\"https:\/\/www.moatti-riviere.com\/wp-content\/uploads\/2017\/11\/Fabio-225x300.jpg 225w, https:\/\/www.moatti-riviere.com\/wp-content\/uploads\/2017\/11\/Fabio-150x200.jpg 150w, https:\/\/www.moatti-riviere.com\/wp-content\/uploads\/2017\/11\/Fabio-768x1024.jpg 768w, https:\/\/www.moatti-riviere.com\/wp-content\/uploads\/2017\/11\/Fabio.jpg 1125w\" sizes=\"auto, (max-width: 225px) 100vw, 225px\" \/>Architecte chef de projet<\/h2>\n<div>\n<div>\n<p style=\"text-align: justify;\">Architecte italien dipl\u00f4m\u00e9 du Politecnico de Milan.<\/p>\n<p style=\"text-align: justify;\">Apr\u00e8s une longue exp\u00e9rience aupr\u00e8s d\u2019agences d\u2019architecture internationales et de renoms (Berger-Anziutti, Renzo Piano, Architecture Studio) Fabio BEZZECCHI int\u00e8gre l\u2019agence Moatti-Rivi\u00e8re en 2010 en qualit\u00e9 d\u2019architecte chef de projet.<\/p>\n<p style=\"text-align: justify;\">Au sein de l\u2019agence il suit des projets d\u2019une grande complexit\u00e9: la r\u00e9alisation d\u2019un h\u00f4tel 5* \u00e0 Courchevel 1850 (9 suites, restaurant gastronomique, spa), la cr\u00e9ation du P\u00f4le culturel de St Vaast (mus\u00e9e des Beaux-Arts, conservatoire de musique, office de tourisme, m\u00e9diath\u00e8que) et la construction du Minist\u00e8re de la Culture au Barhein.<\/p>\n<p style=\"text-align: justify;\">Le background international, la capacit\u00e9 \u00e0 g\u00e9rer des \u00e9quipes et des projets complexes, la rigueur et l\u2019amour du d\u00e9tail sont les qualit\u00e9s qui caract\u00e9risent Fabio BEZZECCHI.<\/p>\n<\/div>\n<\/div>\n","protected":false},"excerpt":{"rendered":"<p>&nbsp; Architecte chef de projet Architecte italien dipl\u00f4m\u00e9 du Politecnico de Milan. Apr\u00e8s une longue exp\u00e9rience aupr\u00e8s d\u2019agences d\u2019architecture internationales et de renoms (Berger-Anziutti, Renzo Piano, Architecture Studio) Fabio BEZZECCHI int\u00e8gre l\u2019agence Moatti-Rivi\u00e8re en 2010 en qualit\u00e9 d\u2019architecte chef de projet. Au sein de l\u2019agence il suit des projets d\u2019une grande complexit\u00e9: la r\u00e9alisation d\u2019un [&hellip;]<\/p>\n","protected":false},"author":2,"featured_media":245,"parent":1392,"menu_order":3,"comment_status":"closed","ping_status":"closed","template":"","meta":{"_seopress_robots_primary_cat":"","_seopress_titles_title":"","_seopress_titles_desc":"","_seopress_robots_index":"","ngg_post_thumbnail":0,"footnotes":""},"categories":[32],"tags":[83,91,106,110],"class_list":["post-1413","page","type-page","status-publish","has-post-thumbnail","hentry","category-team","tag-paris-en","tag-moatti-riviere-en","tag-architect","tag-fabio-bezzecchi-en"],"_links":{"self":[{"href":"https:\/\/www.moatti-riviere.com\/en\/wp-json\/wp\/v2\/pages\/1413","targetHints":{"allow":["GET"]}}],"collection":[{"href":"https:\/\/www.moatti-riviere.com\/en\/wp-json\/wp\/v2\/pages"}],"about":[{"href":"https:\/\/www.moatti-riviere.com\/en\/wp-json\/wp\/v2\/types\/page"}],"author":[{"embeddable":true,"href":"https:\/\/www.moatti-riviere.com\/en\/wp-json\/wp\/v2\/users\/2"}],"replies":[{"embeddable":true,"href":"https:\/\/www.moatti-riviere.com\/en\/wp-json\/wp\/v2\/comments?post=1413"}],"version-history":[{"count":1,"href":"https:\/\/www.moatti-riviere.com\/en\/wp-json\/wp\/v2\/pages\/1413\/revisions"}],"predecessor-version":[{"id":7214,"href":"https:\/\/www.moatti-riviere.com\/en\/wp-json\/wp\/v2\/pages\/1413\/revisions\/7214"}],"up":[{"embeddable":true,"href":"https:\/\/www.moatti-riviere.com\/en\/wp-json\/wp\/v2\/pages\/1392"}],"wp:featuredmedia":[{"embeddable":true,"href":"https:\/\/www.moatti-riviere.com\/en\/wp-json\/wp\/v2\/media\/245"}],"wp:attachment":[{"href":"https:\/\/www.moatti-riviere.com\/en\/wp-json\/wp\/v2\/media?parent=1413"}],"wp:term":[{"taxonomy":"category","embeddable":true,"href":"https:\/\/www.moatti-riviere.com\/en\/wp-json\/wp\/v2\/categories?post=1413"},{"taxonomy":"post_tag","embeddable":true,"href":"https:\/\/www.moatti-riviere.com\/en\/wp-json\/wp\/v2\/tags?post=1413"}],"curies":[{"name":"wp","href":"https:\/\/api.w.org\/{rel}","templated":true}]}}