{"id":1415,"date":"2017-11-09T16:00:39","date_gmt":"2017-11-09T15:00:39","guid":{"rendered":"http:\/\/www.moatti-riviere.com\/?page_id=1415"},"modified":"2018-06-16T15:40:52","modified_gmt":"2018-06-16T13:40:52","slug":"gregoire-plasson","status":"publish","type":"page","link":"https:\/\/www.moatti-riviere.com\/en\/agency\/team\/gregoire-plasson","title":{"rendered":"Gr\u00e9goire Plasson"},"content":{"rendered":"<p>&nbsp;<\/p>\n<h2><img alt=\"\" loading=\"lazy\" decoding=\"async\" class=\"alignleft wp-image-248 size-medium\" src=\"https:\/\/www.moatti-riviere.com\/wp-content\/uploads\/2017\/11\/Gregoire-225x300.jpg\" alt=\"\" width=\"225\" height=\"300\" srcset=\"https:\/\/www.moatti-riviere.com\/wp-content\/uploads\/2017\/11\/Gregoire-225x300.jpg 225w, https:\/\/www.moatti-riviere.com\/wp-content\/uploads\/2017\/11\/Gregoire-150x200.jpg 150w, https:\/\/www.moatti-riviere.com\/wp-content\/uploads\/2017\/11\/Gregoire-768x1024.jpg 768w, https:\/\/www.moatti-riviere.com\/wp-content\/uploads\/2017\/11\/Gregoire.jpg 1125w\" sizes=\"auto, (max-width: 225px) 100vw, 225px\" \/>Architecte chef de projet<\/h2>\n<div>\n<div>\n<p style=\"text-align: justify;\">Architecte HMONP de l\u2019Ecole d\u2019Architecture de la Ville et des Territoires de Marne-la-Vall\u00e9e, Gr\u00e9goire PLASSON est chef de projet \u00e0 l\u2019agence Moatti-Rivi\u00e8re depuis 2009, apr\u00e8s une longue exp\u00e9rience professionnelle aupr\u00e8s d\u2019agences parisiennes.<\/p>\n<\/div>\n<p style=\"text-align: justify;\">Au sein de l\u2019agence il suit les projets en cours&nbsp; :<\/p>\n<p style=\"text-align: justify;\">R\u00e9alisations et projets en cours : Isla Blanca \u00e0 Ibiza (Espagne) (2018); Mediacampus \u00e0 Nantes (2017), Bureaux, logements, commerces \u00e0 Hangzhou (Chine) (2016)<\/p>\n<p style=\"text-align: justify;\">Etudes \/ concours&nbsp;: Tours Nuages \u00e0 Nanterre (2017), H\u00f4tel Villas &amp; Spa \u00e0 Porto Skadar Lake (Mont\u00e9n\u00e9gro) (2015), 84 logements et commerces \u00e0 Paris (2015), H\u00f4tel 4 \u00e9toiles \u00e0 Lens (2014), Le Signe Centre International du Graphisme \u00e0 Chaumont (2014), Centre Bourse \u00e0 Marseille (2014), Summerland, restaurant et spa \u00e0 Beyrouth (Liban) (2012), Poste du Louvre \u00e0 Paris (2012)&nbsp;<\/p>\n<\/div>\n","protected":false},"excerpt":{"rendered":"<p>&nbsp; Architecte chef de projet Architecte HMONP de l\u2019Ecole d\u2019Architecture de la Ville et des Territoires de Marne-la-Vall\u00e9e, Gr\u00e9goire PLASSON est chef de projet \u00e0 l\u2019agence Moatti-Rivi\u00e8re depuis 2009, apr\u00e8s une longue exp\u00e9rience professionnelle aupr\u00e8s d\u2019agences parisiennes. Au sein de l\u2019agence il suit les projets en cours&nbsp; : R\u00e9alisations et projets en cours : Isla [&hellip;]<\/p>\n","protected":false},"author":2,"featured_media":249,"parent":1392,"menu_order":4,"comment_status":"closed","ping_status":"closed","template":"","meta":{"_seopress_robots_primary_cat":"","_seopress_titles_title":"","_seopress_titles_desc":"","_seopress_robots_index":"","ngg_post_thumbnail":0,"footnotes":""},"categories":[32],"tags":[83,91,106,111],"class_list":["post-1415","page","type-page","status-publish","has-post-thumbnail","hentry","category-team","tag-paris-en","tag-moatti-riviere-en","tag-architect","tag-gregoire-plasson-en"],"_links":{"self":[{"href":"https:\/\/www.moatti-riviere.com\/en\/wp-json\/wp\/v2\/pages\/1415","targetHints":{"allow":["GET"]}}],"collection":[{"href":"https:\/\/www.moatti-riviere.com\/en\/wp-json\/wp\/v2\/pages"}],"about":[{"href":"https:\/\/www.moatti-riviere.com\/en\/wp-json\/wp\/v2\/types\/page"}],"author":[{"embeddable":true,"href":"https:\/\/www.moatti-riviere.com\/en\/wp-json\/wp\/v2\/users\/2"}],"replies":[{"embeddable":true,"href":"https:\/\/www.moatti-riviere.com\/en\/wp-json\/wp\/v2\/comments?post=1415"}],"version-history":[{"count":1,"href":"https:\/\/www.moatti-riviere.com\/en\/wp-json\/wp\/v2\/pages\/1415\/revisions"}],"predecessor-version":[{"id":7207,"href":"https:\/\/www.moatti-riviere.com\/en\/wp-json\/wp\/v2\/pages\/1415\/revisions\/7207"}],"up":[{"embeddable":true,"href":"https:\/\/www.moatti-riviere.com\/en\/wp-json\/wp\/v2\/pages\/1392"}],"wp:featuredmedia":[{"embeddable":true,"href":"https:\/\/www.moatti-riviere.com\/en\/wp-json\/wp\/v2\/media\/249"}],"wp:attachment":[{"href":"https:\/\/www.moatti-riviere.com\/en\/wp-json\/wp\/v2\/media?parent=1415"}],"wp:term":[{"taxonomy":"category","embeddable":true,"href":"https:\/\/www.moatti-riviere.com\/en\/wp-json\/wp\/v2\/categories?post=1415"},{"taxonomy":"post_tag","embeddable":true,"href":"https:\/\/www.moatti-riviere.com\/en\/wp-json\/wp\/v2\/tags?post=1415"}],"curies":[{"name":"wp","href":"https:\/\/api.w.org\/{rel}","templated":true}]}}