{"id":1558,"date":"2017-11-11T17:41:33","date_gmt":"2017-11-11T16:41:33","guid":{"rendered":"https:\/\/www.moatti-riviere.com?page_id=1558"},"modified":"2017-11-13T01:09:40","modified_gmt":"2017-11-13T00:09:40","slug":"pavillon-arsenal","status":"publish","type":"page","link":"https:\/\/www.moatti-riviere.com\/en\/media\/exhibitions\/pavillon-arsenal","title":{"rendered":"pavillon arsenal"},"content":{"rendered":"<div class=\"one_half\">\nngg_shortcode_0_placeholder\n<\/div>\n<div class=\"one_half last\">\n<h2>Le 1er \u00e9tage de la Tour Eiffel va faire peau neuve<\/h2>\n<p>Exposition sur le projet de r\u00e9am\u00e9nagement du 1er \u00e9tage de la Tour Eiffel.<br \/>\nPavillon de l\u2019Arsenal, Paris<\/p>\n<p>Du 30 mars au 22 juillet 2013<br \/>\n<\/div>\r\n<div class=\"clearboth\"><\/div>\n","protected":false},"excerpt":{"rendered":"","protected":false},"author":2,"featured_media":1539,"parent":1781,"menu_order":3,"comment_status":"closed","ping_status":"closed","template":"","meta":{"_seopress_robots_primary_cat":"","_seopress_titles_title":"","_seopress_titles_desc":"","_seopress_robots_index":"","ngg_post_thumbnail":0,"footnotes":""},"categories":[41],"tags":[],"class_list":["post-1558","page","type-page","status-publish","has-post-thumbnail","hentry","category-exhibitions"],"_links":{"self":[{"href":"https:\/\/www.moatti-riviere.com\/en\/wp-json\/wp\/v2\/pages\/1558","targetHints":{"allow":["GET"]}}],"collection":[{"href":"https:\/\/www.moatti-riviere.com\/en\/wp-json\/wp\/v2\/pages"}],"about":[{"href":"https:\/\/www.moatti-riviere.com\/en\/wp-json\/wp\/v2\/types\/page"}],"author":[{"embeddable":true,"href":"https:\/\/www.moatti-riviere.com\/en\/wp-json\/wp\/v2\/users\/2"}],"replies":[{"embeddable":true,"href":"https:\/\/www.moatti-riviere.com\/en\/wp-json\/wp\/v2\/comments?post=1558"}],"version-history":[{"count":0,"href":"https:\/\/www.moatti-riviere.com\/en\/wp-json\/wp\/v2\/pages\/1558\/revisions"}],"up":[{"embeddable":true,"href":"https:\/\/www.moatti-riviere.com\/en\/wp-json\/wp\/v2\/pages\/1781"}],"wp:featuredmedia":[{"embeddable":true,"href":"https:\/\/www.moatti-riviere.com\/en\/wp-json\/wp\/v2\/media\/1539"}],"wp:attachment":[{"href":"https:\/\/www.moatti-riviere.com\/en\/wp-json\/wp\/v2\/media?parent=1558"}],"wp:term":[{"taxonomy":"category","embeddable":true,"href":"https:\/\/www.moatti-riviere.com\/en\/wp-json\/wp\/v2\/categories?post=1558"},{"taxonomy":"post_tag","embeddable":true,"href":"https:\/\/www.moatti-riviere.com\/en\/wp-json\/wp\/v2\/tags?post=1558"}],"curies":[{"name":"wp","href":"https:\/\/api.w.org\/{rel}","templated":true}]}}