{"id":1685,"date":"2017-11-09T11:43:59","date_gmt":"2017-11-09T10:43:59","guid":{"rendered":"https:\/\/www.moatti-riviere.com?page_id=1685"},"modified":"2017-11-22T10:07:30","modified_gmt":"2017-11-22T09:07:30","slug":"cultural-space","status":"publish","type":"page","link":"https:\/\/www.moatti-riviere.com\/en\/projects\/cultural-space","title":{"rendered":"cultural space"},"content":{"rendered":"<div class=\"pt-cv-wrapper\"><div class=\"cvp-live-filter cvp-checkbox \" id=\"\" data-name=\"tx_post_tag\" data-sid=\"c39be9b91d\" data-isblock=\"\" data-postid=\"\"><label class=\"cvp-label\">Post Tag<\/label><div class=\"checkbox\"><label><input type=\"checkbox\" name=\"tx_post_tag\" value=\"achievement\" \/>Achievement<\/label><\/div><div class=\"checkbox\"><label><input type=\"checkbox\" name=\"tx_post_tag\" value=\"in-progress\" \/>In progress<\/label><\/div><div class=\"checkbox\"><label><input type=\"checkbox\" name=\"tx_post_tag\" value=\"contest\" \/>Contest<\/label><\/div><\/div><div class=\"pt-cv-view pt-cv-grid pt-cv-colsys pt-cv-same-height cvp-lfres\" id=\"pt-cv-view-c39be9b91d\"><div data-id=\"pt-cv-page-1\" class=\"pt-cv-page\" data-cvc=\"4\" data-cvct=\"2\" data-cvcm=\"1\"><div class=\"col-md-3 col-sm-6 col-xs-12 pt-cv-content-item pt-cv-1-col\"  data-pid=\"8615\"><div class='pt-cv-ifield'><a href=\"https:\/\/www.moatti-riviere.com\/en\/projects\/retail\/la-grande-halle-pantin\" class=\"_self pt-cv-href-thumbnail pt-cv-thumb-default cvplbd cvp-responsive-image img-none\" target=\"_self\" data-iw=\"285\" data-ih=\"285\"><img loading=\"lazy\" decoding=\"async\" width=\"285\" height=\"285\" src=\"https:\/\/www.moatti-riviere.com\/wp-content\/uploads\/2020\/12\/UNE-4-285x285.jpg\" class=\"pt-cv-thumbnail img-none skip-lazy \" alt=\"La Grande Halle, Pantin\" \/><\/a>\n<h4 class=\"pt-cv-title\"><a href=\"https:\/\/www.moatti-riviere.com\/en\/projects\/retail\/la-grande-halle-pantin\" class=\"_self cvplbd\" target=\"_self\" data-iw=\"285\" data-ih=\"285\">La Grande Halle, Pantin<\/a><\/h4><\/div><\/div>\n<div class=\"col-md-3 col-sm-6 col-xs-12 pt-cv-content-item pt-cv-1-col\"  data-pid=\"1700\"><div class='pt-cv-ifield'><a href=\"https:\/\/www.moatti-riviere.com\/en\/projects\/equipment\/cultural-equipment-deauville\" class=\"_self pt-cv-href-thumbnail pt-cv-thumb-default cvplbd cvp-responsive-image img-none\" target=\"_self\" data-iw=\"285\" data-ih=\"285\"><img loading=\"lazy\" decoding=\"async\" width=\"285\" height=\"285\" src=\"https:\/\/www.moatti-riviere.com\/wp-content\/uploads\/2021\/12\/UNE-2-285x285.jpg\" class=\"pt-cv-thumbnail img-none skip-lazy \" alt=\"Cultural Equipment, Deauville\" \/><\/a>\n<h4 class=\"pt-cv-title\"><a href=\"https:\/\/www.moatti-riviere.com\/en\/projects\/equipment\/cultural-equipment-deauville\" class=\"_self cvplbd\" target=\"_self\" data-iw=\"285\" data-ih=\"285\">Cultural Equipment, Deauville<\/a><\/h4><\/div><\/div>\n<div class=\"col-md-3 col-sm-6 col-xs-12 pt-cv-content-item pt-cv-1-col\"  data-pid=\"5566\"><div class='pt-cv-ifield'><a href=\"https:\/\/www.moatti-riviere.com\/en\/projects\/cultural-space\/hotel-de-marine-paris\" class=\"_self pt-cv-href-thumbnail pt-cv-thumb-default cvplbd cvp-responsive-image img-none\" target=\"_self\" data-iw=\"285\" data-ih=\"285\"><img loading=\"lazy\" decoding=\"async\" width=\"285\" height=\"285\" src=\"https:\/\/www.moatti-riviere.com\/wp-content\/uploads\/2017\/11\/UNE-66-285x285.jpg\" class=\"pt-cv-thumbnail img-none skip-lazy \" alt=\"H\u00f4tel de la Marine, Paris\" \/><\/a>\n<h4 class=\"pt-cv-title\"><a href=\"https:\/\/www.moatti-riviere.com\/en\/projects\/cultural-space\/hotel-de-marine-paris\" class=\"_self cvplbd\" target=\"_self\" data-iw=\"285\" data-ih=\"285\">H\u00f4tel de la Marine, Paris<\/a><\/h4><\/div><\/div>\n<div class=\"col-md-3 col-sm-6 col-xs-12 pt-cv-content-item pt-cv-1-col\"  data-pid=\"3806\"><div class='pt-cv-ifield'><a href=\"https:\/\/www.moatti-riviere.com\/en\/projects\/cultural-space\/musee-de-gendarmerie-melun\" class=\"_self pt-cv-href-thumbnail pt-cv-thumb-default cvplbd cvp-responsive-image img-none\" target=\"_self\" data-iw=\"285\" data-ih=\"285\"><img loading=\"lazy\" decoding=\"async\" width=\"285\" height=\"285\" src=\"https:\/\/www.moatti-riviere.com\/wp-content\/uploads\/2017\/11\/UNE-57-285x285.jpg\" class=\"pt-cv-thumbnail img-none skip-lazy \" alt=\"Gendarmerie Museum, Melun\" \/><\/a>\n<h4 class=\"pt-cv-title\"><a href=\"https:\/\/www.moatti-riviere.com\/en\/projects\/cultural-space\/musee-de-gendarmerie-melun\" class=\"_self cvplbd\" target=\"_self\" data-iw=\"285\" data-ih=\"285\">Gendarmerie Museum, Melun<\/a><\/h4><\/div><\/div>\n<div class=\"col-md-3 col-sm-6 col-xs-12 pt-cv-content-item pt-cv-1-col\"  data-pid=\"5385\"><div class='pt-cv-ifield'><a href=\"https:\/\/www.moatti-riviere.com\/en\/projects\/cultural-space\/international-center-of-graphic-design-chaumont\" class=\"_self pt-cv-href-thumbnail pt-cv-thumb-default cvplbd cvp-responsive-image img-none\" target=\"_self\" data-iw=\"285\" data-ih=\"285\"><img loading=\"lazy\" decoding=\"async\" width=\"285\" height=\"285\" src=\"https:\/\/www.moatti-riviere.com\/wp-content\/uploads\/2018\/05\/UNE-19-285x285.jpg\" class=\"pt-cv-thumbnail img-none skip-lazy \" alt=\"International Center of Graphic Design, Chaumont\" \/><\/a>\n<h4 class=\"pt-cv-title\"><a href=\"https:\/\/www.moatti-riviere.com\/en\/projects\/cultural-space\/international-center-of-graphic-design-chaumont\" class=\"_self cvplbd\" target=\"_self\" data-iw=\"285\" data-ih=\"285\">International Center of Graphic Design, Chaumont<\/a><\/h4><\/div><\/div>\n<div class=\"col-md-3 col-sm-6 col-xs-12 pt-cv-content-item pt-cv-1-col\"  data-pid=\"5544\"><div class='pt-cv-ifield'><a href=\"https:\/\/www.moatti-riviere.com\/en\/projects\/equipment\/ministry-of-culture-bahrain\" class=\"_self pt-cv-href-thumbnail pt-cv-thumb-default cvplbd cvp-responsive-image img-none\" target=\"_self\" data-iw=\"285\" data-ih=\"285\"><img loading=\"lazy\" decoding=\"async\" width=\"285\" height=\"285\" src=\"https:\/\/www.moatti-riviere.com\/wp-content\/uploads\/2018\/05\/UNE-en-cours-285x285.jpg\" class=\"pt-cv-thumbnail img-none skip-lazy \" alt=\"Ministry of Culture, Bahrain\" \/><\/a>\n<h4 class=\"pt-cv-title\"><a href=\"https:\/\/www.moatti-riviere.com\/en\/projects\/equipment\/ministry-of-culture-bahrain\" class=\"_self cvplbd\" target=\"_self\" data-iw=\"285\" data-ih=\"285\">Ministry of Culture, Bahrain<\/a><\/h4><\/div><\/div>\n<div class=\"col-md-3 col-sm-6 col-xs-12 pt-cv-content-item pt-cv-1-col\"  data-pid=\"5567\"><div class='pt-cv-ifield'><a href=\"https:\/\/www.moatti-riviere.com\/en\/projects\/cultural-space\/cultural-center-saint-vaast-arras\" class=\"_self pt-cv-href-thumbnail pt-cv-thumb-default cvplbd cvp-responsive-image img-none\" target=\"_self\" data-iw=\"285\" data-ih=\"285\"><img loading=\"lazy\" decoding=\"async\" width=\"285\" height=\"285\" src=\"https:\/\/www.moatti-riviere.com\/wp-content\/uploads\/2017\/11\/UNE-67-285x285.jpg\" class=\"pt-cv-thumbnail img-none skip-lazy \" alt=\"Cultural Center Saint-Vaast, Arras\" \/><\/a>\n<h4 class=\"pt-cv-title\"><a href=\"https:\/\/www.moatti-riviere.com\/en\/projects\/cultural-space\/cultural-center-saint-vaast-arras\" class=\"_self cvplbd\" target=\"_self\" data-iw=\"285\" data-ih=\"285\">Cultural Center Saint-Vaast, Arras<\/a><\/h4><\/div><\/div>\n<div class=\"col-md-3 col-sm-6 col-xs-12 pt-cv-content-item pt-cv-1-col\"  data-pid=\"1691\"><div class='pt-cv-ifield'><a href=\"https:\/\/www.moatti-riviere.com\/en\/projects\/cultural-space\/musee-arts-decos-borely-marseille-13\" class=\"_self pt-cv-href-thumbnail pt-cv-thumb-default cvplbd cvp-responsive-image img-none\" target=\"_self\" data-iw=\"285\" data-ih=\"285\"><img loading=\"lazy\" decoding=\"async\" width=\"285\" height=\"285\" src=\"https:\/\/www.moatti-riviere.com\/wp-content\/uploads\/2017\/11\/UNE-58-285x285.jpg\" class=\"pt-cv-thumbnail img-none skip-lazy \" alt=\"Mus\u00e9e arts d\u00e9cos Bor\u00e9ly, Marseille\" \/><\/a>\n<h4 class=\"pt-cv-title\"><a href=\"https:\/\/www.moatti-riviere.com\/en\/projects\/cultural-space\/musee-arts-decos-borely-marseille-13\" class=\"_self cvplbd\" target=\"_self\" data-iw=\"285\" data-ih=\"285\">Mus\u00e9e arts d\u00e9cos Bor\u00e9ly, Marseille<\/a><\/h4><\/div><\/div>\n<div class=\"col-md-3 col-sm-6 col-xs-12 pt-cv-content-item pt-cv-1-col\"  data-pid=\"4932\"><div class='pt-cv-ifield'><a href=\"https:\/\/www.moatti-riviere.com\/en\/projects\/equipment\/tour-eiffel-paris\" class=\"_self pt-cv-href-thumbnail pt-cv-thumb-default cvplbd cvp-responsive-image img-none\" target=\"_self\" data-iw=\"285\" data-ih=\"285\"><img loading=\"lazy\" decoding=\"async\" width=\"285\" height=\"285\" src=\"https:\/\/www.moatti-riviere.com\/wp-content\/uploads\/2017\/11\/UNE-76-285x285.jpg\" class=\"pt-cv-thumbnail img-none skip-lazy \" alt=\"Eiffel Tower, Paris\" \/><\/a>\n<h4 class=\"pt-cv-title\"><a href=\"https:\/\/www.moatti-riviere.com\/en\/projects\/equipment\/tour-eiffel-paris\" class=\"_self cvplbd\" target=\"_self\" data-iw=\"285\" data-ih=\"285\">Eiffel Tower, Paris<\/a><\/h4><\/div><\/div>\n<div class=\"col-md-3 col-sm-6 col-xs-12 pt-cv-content-item pt-cv-1-col\"  data-pid=\"3809\"><div class='pt-cv-ifield'><a href=\"https:\/\/www.moatti-riviere.com\/en\/projects\/cultural-space\/cite-internationale-de-dentelle-de-mode-calais\" class=\"_self pt-cv-href-thumbnail pt-cv-thumb-default cvplbd cvp-responsive-image img-none\" target=\"_self\" data-iw=\"285\" data-ih=\"285\"><img loading=\"lazy\" decoding=\"async\" width=\"285\" height=\"285\" src=\"https:\/\/www.moatti-riviere.com\/wp-content\/uploads\/2017\/11\/UNE-60-285x285.jpg\" class=\"pt-cv-thumbnail img-none skip-lazy \" alt=\"International City of Lace and Fashion, Calais\" \/><\/a>\n<h4 class=\"pt-cv-title\"><a href=\"https:\/\/www.moatti-riviere.com\/en\/projects\/cultural-space\/cite-internationale-de-dentelle-de-mode-calais\" class=\"_self cvplbd\" target=\"_self\" data-iw=\"285\" data-ih=\"285\">International City of Lace and Fashion, Calais<\/a><\/h4><\/div><\/div>\n<div class=\"col-md-3 col-sm-6 col-xs-12 pt-cv-content-item pt-cv-1-col\"  data-pid=\"5564\"><div class='pt-cv-ifield'><a href=\"https:\/\/www.moatti-riviere.com\/en\/projects\/cultural-space\/charles-de-gaulle-historial-paris\" class=\"_self pt-cv-href-thumbnail pt-cv-thumb-default cvplbd cvp-responsive-image img-none\" target=\"_self\" data-iw=\"285\" data-ih=\"285\"><img loading=\"lazy\" decoding=\"async\" width=\"285\" height=\"285\" src=\"https:\/\/www.moatti-riviere.com\/wp-content\/uploads\/2017\/11\/UNE-59-285x285.jpg\" class=\"pt-cv-thumbnail img-none skip-lazy \" alt=\"Charles de Gaulle Historial, Paris\" \/><\/a>\n<h4 class=\"pt-cv-title\"><a href=\"https:\/\/www.moatti-riviere.com\/en\/projects\/cultural-space\/charles-de-gaulle-historial-paris\" class=\"_self cvplbd\" target=\"_self\" data-iw=\"285\" data-ih=\"285\">Charles de Gaulle Historial, Paris<\/a><\/h4><\/div><\/div>\n<div class=\"col-md-3 col-sm-6 col-xs-12 pt-cv-content-item pt-cv-1-col\"  data-pid=\"1693\"><div class='pt-cv-ifield'><a href=\"https:\/\/www.moatti-riviere.com\/en\/projects\/cultural-space\/museum-champollion-writings-from-around-the-world-figeac-46\" class=\"_self pt-cv-href-thumbnail pt-cv-thumb-default cvplbd cvp-responsive-image img-none\" target=\"_self\" data-iw=\"285\" data-ih=\"285\"><img loading=\"lazy\" decoding=\"async\" width=\"285\" height=\"285\" src=\"https:\/\/www.moatti-riviere.com\/wp-content\/uploads\/2017\/11\/UNE-62-285x285.jpg\" class=\"pt-cv-thumbnail img-none skip-lazy \" alt=\"Museum Champollion \u2013 Writings from around the world, Figeac\" \/><\/a>\n<h4 class=\"pt-cv-title\"><a href=\"https:\/\/www.moatti-riviere.com\/en\/projects\/cultural-space\/museum-champollion-writings-from-around-the-world-figeac-46\" class=\"_self cvplbd\" target=\"_self\" data-iw=\"285\" data-ih=\"285\">Museum Champollion \u2013 Writings from around the world, Figeac<\/a><\/h4><\/div><\/div>\n<div class=\"col-md-3 col-sm-6 col-xs-12 pt-cv-content-item pt-cv-1-col\"  data-pid=\"8741\"><div class='pt-cv-ifield'><a href=\"https:\/\/www.moatti-riviere.com\/en\/projects\/cultural-space\/centre-dinterpretation-sensorielle-des-vins-de-champagne-ay-champagne\" class=\"_self pt-cv-href-thumbnail pt-cv-thumb-default cvplbd cvp-responsive-image img-none\" target=\"_self\" data-iw=\"285\" data-ih=\"285\"><img loading=\"lazy\" decoding=\"async\" width=\"285\" height=\"285\" src=\"https:\/\/www.moatti-riviere.com\/wp-content\/uploads\/2020\/12\/UNE-AYC-285x285.jpg\" class=\"pt-cv-thumbnail img-none skip-lazy \" alt=\"Centre d\u2019interpr\u00e9tation sensorielle des vins de Champagne, Ay-Champagne\" \/><\/a>\n<h4 class=\"pt-cv-title\"><a href=\"https:\/\/www.moatti-riviere.com\/en\/projects\/cultural-space\/centre-dinterpretation-sensorielle-des-vins-de-champagne-ay-champagne\" class=\"_self cvplbd\" target=\"_self\" data-iw=\"285\" data-ih=\"285\">Centre d\u2019interpr\u00e9tation sensorielle des vins de Champagne, Ay-Champagne<\/a><\/h4><\/div><\/div>\n<div class=\"col-md-3 col-sm-6 col-xs-12 pt-cv-content-item pt-cv-1-col\"  data-pid=\"8752\"><div class='pt-cv-ifield'><a href=\"https:\/\/www.moatti-riviere.com\/en\/projects\/cultural-space\/nouveau-musee-espace-napoleon-la-roche-sur-yon\" class=\"_self pt-cv-href-thumbnail pt-cv-thumb-default cvplbd cvp-responsive-image img-none\" target=\"_self\" data-iw=\"285\" data-ih=\"285\"><img loading=\"lazy\" decoding=\"async\" width=\"285\" height=\"285\" src=\"https:\/\/www.moatti-riviere.com\/wp-content\/uploads\/2021\/12\/UNE-Musee-285x285.jpg\" class=\"pt-cv-thumbnail img-none skip-lazy \" alt=\"Nouveau Mus\u00e9e - Espace Napol\u00e9on, La Roche-sur-Yon\" \/><\/a>\n<h4 class=\"pt-cv-title\"><a href=\"https:\/\/www.moatti-riviere.com\/en\/projects\/cultural-space\/nouveau-musee-espace-napoleon-la-roche-sur-yon\" class=\"_self cvplbd\" target=\"_self\" data-iw=\"285\" data-ih=\"285\">Nouveau Mus\u00e9e &#8211; Espace Napol\u00e9on, La Roche-sur-Yon<\/a><\/h4><\/div><\/div>\n<div class=\"col-md-3 col-sm-6 col-xs-12 pt-cv-content-item pt-cv-1-col\"  data-pid=\"5568\"><div class='pt-cv-ifield'><a href=\"https:\/\/www.moatti-riviere.com\/en\/projects\/cultural-space\/museum-of-history-and-archeology-marseille\" class=\"_self pt-cv-href-thumbnail pt-cv-thumb-default cvplbd cvp-responsive-image img-none\" target=\"_self\" data-iw=\"285\" data-ih=\"285\"><img loading=\"lazy\" decoding=\"async\" width=\"285\" height=\"285\" src=\"https:\/\/www.moatti-riviere.com\/wp-content\/uploads\/2017\/11\/UNE-68-285x285.jpg\" class=\"pt-cv-thumbnail img-none skip-lazy \" alt=\"Museum of History and Archeology, Marseille\" \/><\/a>\n<h4 class=\"pt-cv-title\"><a href=\"https:\/\/www.moatti-riviere.com\/en\/projects\/cultural-space\/museum-of-history-and-archeology-marseille\" class=\"_self cvplbd\" target=\"_self\" data-iw=\"285\" data-ih=\"285\">Museum of History and Archeology, Marseille<\/a><\/h4><\/div><\/div>\n<div class=\"col-md-3 col-sm-6 col-xs-12 pt-cv-content-item pt-cv-1-col\"  data-pid=\"5570\"><div class='pt-cv-ifield'><a href=\"https:\/\/www.moatti-riviere.com\/en\/projects\/cultural-space\/city-of-economy-and-currency-paris\" class=\"_self pt-cv-href-thumbnail pt-cv-thumb-default cvplbd cvp-responsive-image img-none\" target=\"_self\" data-iw=\"285\" data-ih=\"285\"><img loading=\"lazy\" decoding=\"async\" width=\"285\" height=\"285\" src=\"https:\/\/www.moatti-riviere.com\/wp-content\/uploads\/2017\/11\/UNE-69-285x285.jpg\" class=\"pt-cv-thumbnail img-none skip-lazy \" alt=\"City of Economy and Currency, Paris\" \/><\/a>\n<h4 class=\"pt-cv-title\"><a href=\"https:\/\/www.moatti-riviere.com\/en\/projects\/cultural-space\/city-of-economy-and-currency-paris\" class=\"_self cvplbd\" target=\"_self\" data-iw=\"285\" data-ih=\"285\">City of Economy and Currency, Paris<\/a><\/h4><\/div><\/div>\n<div class=\"col-md-3 col-sm-6 col-xs-12 pt-cv-content-item pt-cv-1-col\"  data-pid=\"5569\"><div class='pt-cv-ifield'><a href=\"https:\/\/www.moatti-riviere.com\/en\/projects\/cultural-space\/albert-kahn-museum-and-gardens-boulogne-billancourt\" class=\"_self pt-cv-href-thumbnail pt-cv-thumb-default cvplbd cvp-responsive-image img-none\" target=\"_self\" data-iw=\"285\" data-ih=\"285\"><img loading=\"lazy\" decoding=\"async\" width=\"285\" height=\"285\" src=\"https:\/\/www.moatti-riviere.com\/wp-content\/uploads\/2017\/11\/UNE-70-285x285.jpg\" class=\"pt-cv-thumbnail img-none skip-lazy \" alt=\"Albert Kahn Museum and Gardens, Boulogne Billancourt\" \/><\/a>\n<h4 class=\"pt-cv-title\"><a href=\"https:\/\/www.moatti-riviere.com\/en\/projects\/cultural-space\/albert-kahn-museum-and-gardens-boulogne-billancourt\" class=\"_self cvplbd\" target=\"_self\" data-iw=\"285\" data-ih=\"285\">Albert Kahn Museum and Gardens, Boulogne Billancourt<\/a><\/h4><\/div><\/div>\n<div class=\"col-md-3 col-sm-6 col-xs-12 pt-cv-content-item pt-cv-1-col\"  data-pid=\"5571\"><div class='pt-cv-ifield'><a href=\"https:\/\/www.moatti-riviere.com\/en\/projects\/cultural-space\/interpretation-center-of-the-1st-world-war-souchez\" class=\"_self pt-cv-href-thumbnail pt-cv-thumb-default cvplbd cvp-responsive-image img-none\" target=\"_self\" data-iw=\"285\" data-ih=\"285\"><img loading=\"lazy\" decoding=\"async\" width=\"285\" height=\"285\" src=\"https:\/\/www.moatti-riviere.com\/wp-content\/uploads\/2017\/11\/UNE-71-285x285.jpg\" class=\"pt-cv-thumbnail img-none skip-lazy \" alt=\"Interpretation Center of the 1st World War, Souchez\" \/><\/a>\n<h4 class=\"pt-cv-title\"><a href=\"https:\/\/www.moatti-riviere.com\/en\/projects\/cultural-space\/interpretation-center-of-the-1st-world-war-souchez\" class=\"_self cvplbd\" target=\"_self\" data-iw=\"285\" data-ih=\"285\">Interpretation Center of the 1st World War, Souchez<\/a><\/h4><\/div><\/div>\n<div class=\"col-md-3 col-sm-6 col-xs-12 pt-cv-content-item pt-cv-1-col\"  data-pid=\"5572\"><div class='pt-cv-ifield'><a href=\"https:\/\/www.moatti-riviere.com\/en\/projects\/cultural-space\/rimbaud-museum-charleville-mezieres\" class=\"_self pt-cv-href-thumbnail pt-cv-thumb-default cvplbd cvp-responsive-image img-none\" target=\"_self\" data-iw=\"285\" data-ih=\"285\"><img loading=\"lazy\" decoding=\"async\" width=\"285\" height=\"285\" src=\"https:\/\/www.moatti-riviere.com\/wp-content\/uploads\/2017\/11\/UNE-72-285x285.jpg\" class=\"pt-cv-thumbnail img-none skip-lazy \" alt=\"Rimbaud Museum, Charleville-M\u00e9zi\u00e8res\" \/><\/a>\n<h4 class=\"pt-cv-title\"><a href=\"https:\/\/www.moatti-riviere.com\/en\/projects\/cultural-space\/rimbaud-museum-charleville-mezieres\" class=\"_self cvplbd\" target=\"_self\" data-iw=\"285\" data-ih=\"285\">Rimbaud Museum, Charleville-M\u00e9zi\u00e8res<\/a><\/h4><\/div><\/div>\n<div class=\"col-md-3 col-sm-6 col-xs-12 pt-cv-content-item pt-cv-1-col\"  data-pid=\"5573\"><div class='pt-cv-ifield'><a href=\"https:\/\/www.moatti-riviere.com\/en\/projects\/cultural-space\/louvre-museum-department-of-the-arts-of-islam-paris\" class=\"_self pt-cv-href-thumbnail pt-cv-thumb-default cvplbd cvp-responsive-image img-none\" target=\"_self\" data-iw=\"285\" data-ih=\"285\"><img loading=\"lazy\" decoding=\"async\" width=\"285\" height=\"285\" src=\"https:\/\/www.moatti-riviere.com\/wp-content\/uploads\/2017\/11\/UNE-73-285x285.jpg\" class=\"pt-cv-thumbnail img-none skip-lazy \" alt=\"Louvre Museum, Department of the Arts of Islam, Paris\" \/><\/a>\n<h4 class=\"pt-cv-title\"><a href=\"https:\/\/www.moatti-riviere.com\/en\/projects\/cultural-space\/louvre-museum-department-of-the-arts-of-islam-paris\" class=\"_self cvplbd\" target=\"_self\" data-iw=\"285\" data-ih=\"285\">Louvre Museum, Department of the Arts of Islam, Paris<\/a><\/h4><\/div><\/div>\n<div class=\"col-md-3 col-sm-6 col-xs-12 pt-cv-content-item pt-cv-1-col\"  data-pid=\"5574\"><div class='pt-cv-ifield'><a href=\"https:\/\/www.moatti-riviere.com\/en\/projects\/cultural-space\/institute-of-the-arab-world-paris\" class=\"_self pt-cv-href-thumbnail pt-cv-thumb-default cvplbd cvp-responsive-image img-none\" target=\"_self\" data-iw=\"285\" data-ih=\"285\"><img loading=\"lazy\" decoding=\"async\" width=\"285\" height=\"285\" src=\"https:\/\/www.moatti-riviere.com\/wp-content\/uploads\/2017\/11\/UNE-74-285x285.jpg\" class=\"pt-cv-thumbnail img-none skip-lazy \" alt=\"Institute of the Arab World, Paris\" \/><\/a>\n<h4 class=\"pt-cv-title\"><a href=\"https:\/\/www.moatti-riviere.com\/en\/projects\/cultural-space\/institute-of-the-arab-world-paris\" class=\"_self cvplbd\" target=\"_self\" data-iw=\"285\" data-ih=\"285\">Institute of the Arab World, Paris<\/a><\/h4><\/div><\/div><\/div><\/div><\/div>\t\t\t<style type=\"text\/css\" id=\"pt-cv-inline-style-39ea734jzn\">#pt-cv-view-c39be9b91d .pt-cv-title a, #pt-cv-view-c39be9b91d  .panel-title { font-weight: 600 !important; }\n#pt-cv-view-c39be9b91d .pt-cv-readmore  { color: #dd0000 !important; background-color: #ffffff !important; }\n#pt-cv-view-c39be9b91d .pt-cv-readmore:hover  { color: #ffffff !important; background-color: #dd0000 !important; }\n#pt-cv-view-c39be9b91d .cvp-responsive-image[style*=\"background-image\"] { width: 285px; max-height: 285px; overflow: hidden; aspect-ratio: 1 }\n#pt-cv-view-c39be9b91d .cvp-responsive-image img { max-width: 285px; max-height: 285px; aspect-ratio: 1 }<\/style>\r\n\t\t\t\n","protected":false},"excerpt":{"rendered":"","protected":false},"author":2,"featured_media":2376,"parent":1407,"menu_order":6,"comment_status":"closed","ping_status":"closed","template":"","meta":{"_seopress_robots_primary_cat":"","_seopress_titles_title":"","_seopress_titles_desc":"","_seopress_robots_index":"","ngg_post_thumbnail":0,"footnotes":""},"categories":[40],"tags":[],"class_list":["post-1685","page","type-page","status-publish","has-post-thumbnail","hentry","category-type-projects"],"_links":{"self":[{"href":"https:\/\/www.moatti-riviere.com\/en\/wp-json\/wp\/v2\/pages\/1685","targetHints":{"allow":["GET"]}}],"collection":[{"href":"https:\/\/www.moatti-riviere.com\/en\/wp-json\/wp\/v2\/pages"}],"about":[{"href":"https:\/\/www.moatti-riviere.com\/en\/wp-json\/wp\/v2\/types\/page"}],"author":[{"embeddable":true,"href":"https:\/\/www.moatti-riviere.com\/en\/wp-json\/wp\/v2\/users\/2"}],"replies":[{"embeddable":true,"href":"https:\/\/www.moatti-riviere.com\/en\/wp-json\/wp\/v2\/comments?post=1685"}],"version-history":[{"count":0,"href":"https:\/\/www.moatti-riviere.com\/en\/wp-json\/wp\/v2\/pages\/1685\/revisions"}],"up":[{"embeddable":true,"href":"https:\/\/www.moatti-riviere.com\/en\/wp-json\/wp\/v2\/pages\/1407"}],"wp:featuredmedia":[{"embeddable":true,"href":"https:\/\/www.moatti-riviere.com\/en\/wp-json\/wp\/v2\/media\/2376"}],"wp:attachment":[{"href":"https:\/\/www.moatti-riviere.com\/en\/wp-json\/wp\/v2\/media?parent=1685"}],"wp:term":[{"taxonomy":"category","embeddable":true,"href":"https:\/\/www.moatti-riviere.com\/en\/wp-json\/wp\/v2\/categories?post=1685"},{"taxonomy":"post_tag","embeddable":true,"href":"https:\/\/www.moatti-riviere.com\/en\/wp-json\/wp\/v2\/tags?post=1685"}],"curies":[{"name":"wp","href":"https:\/\/api.w.org\/{rel}","templated":true}]}}