{"id":1691,"date":"2017-11-18T15:15:20","date_gmt":"2017-11-18T14:15:20","guid":{"rendered":"https:\/\/www.moatti-riviere.com?page_id=1691"},"modified":"2018-06-04T11:11:34","modified_gmt":"2018-06-04T09:11:34","slug":"musee-arts-decos-borely-marseille-13","status":"publish","type":"page","link":"https:\/\/www.moatti-riviere.com\/en\/projects\/cultural-space\/musee-arts-decos-borely-marseille-13","title":{"rendered":"Mus\u00e9e arts d\u00e9cos Bor\u00e9ly, Marseille"},"content":{"rendered":"<div class=\"one_half\">\nngg_shortcode_0_placeholder\n<\/div>\n<div class=\"one_half last\">\n<h2 style=\"text-align: justify;\">The Inhabited Palace<\/h2>\n<h3 style=\"text-align: justify;\">Description<\/h3>\n<p style=\"text-align: justify;\">The Ch\u00e2teau Bor\u00e9ly, a former 18th century bastide, is today a distinguished Museum of Decorative Arts and Fashion. The refurbishing project of converting the Ch\u00e2teau Bor\u00e9ly to a museum is coherent with the logic of highlighting the chateau itself. Though the exceptional collections destined for exhibition benefit from the greatest care in terms of scenography, unveiling the building of the chateau is one of the founding elements in its museographic development.<\/p>\n<p style=\"text-align: justify;\">Photos : \u00a9 Fr\u00e9d\u00e9rique F\u00e9lix-Faure<\/p>\n<h3 style=\"text-align: justify;\">Technical sheet<\/h3>\n<p style=\"text-align: justify;\">Competition: project winner<br \/>\nGeneral Contractor: City of Marseille<br \/>\nLocation: Ch\u00e2teau Bor\u00e9ly, 134 Avenue Cl\u00f4t Bey, 13008 Marseille<br \/>\nSurface: 2300 m2<br \/>\nMission: architecture and museography<br \/>\nBudget -VAT: 6.5 M\u20ac<br \/>\nDue Date: 2013<\/p>\n<p style=\"text-align: justify;\">General contracting team:<br \/>\nAgency Moatti \u2013 Rivi\u00e8re, commissioned architect and museographer<br \/>\nAtelier Donjerkovic, heritage architect<br \/>\nConsultancy: ARCOBA (BET TCE), CEC Salinesi (economy), Sc\u00e9nos-Associ\u00e9s (associate museographer), Terre d\u2019Ombre (lighting), Herv\u00e9 Poirier (graphics), A2MS (acoustics), Carre multimedia (multimedia).<br \/>\n<\/div>\r\n<div class=\"clearboth\"><\/div>\n","protected":false},"excerpt":{"rendered":"","protected":false},"author":2,"featured_media":4786,"parent":1685,"menu_order":3,"comment_status":"closed","ping_status":"closed","template":"","meta":{"_seopress_robots_primary_cat":"","_seopress_titles_title":"","_seopress_titles_desc":"","_seopress_robots_index":"","ngg_post_thumbnail":0,"footnotes":""},"categories":[50,45,54],"tags":[300,87,127],"class_list":["post-1691","page","type-page","status-publish","has-post-thumbnail","hentry","category-museums","category-design-scenography","category-flagship-projects","tag-musee-arts-decos-borely","tag-marseille-en","tag-achievement"],"_links":{"self":[{"href":"https:\/\/www.moatti-riviere.com\/en\/wp-json\/wp\/v2\/pages\/1691","targetHints":{"allow":["GET"]}}],"collection":[{"href":"https:\/\/www.moatti-riviere.com\/en\/wp-json\/wp\/v2\/pages"}],"about":[{"href":"https:\/\/www.moatti-riviere.com\/en\/wp-json\/wp\/v2\/types\/page"}],"author":[{"embeddable":true,"href":"https:\/\/www.moatti-riviere.com\/en\/wp-json\/wp\/v2\/users\/2"}],"replies":[{"embeddable":true,"href":"https:\/\/www.moatti-riviere.com\/en\/wp-json\/wp\/v2\/comments?post=1691"}],"version-history":[{"count":0,"href":"https:\/\/www.moatti-riviere.com\/en\/wp-json\/wp\/v2\/pages\/1691\/revisions"}],"up":[{"embeddable":true,"href":"https:\/\/www.moatti-riviere.com\/en\/wp-json\/wp\/v2\/pages\/1685"}],"wp:featuredmedia":[{"embeddable":true,"href":"https:\/\/www.moatti-riviere.com\/en\/wp-json\/wp\/v2\/media\/4786"}],"wp:attachment":[{"href":"https:\/\/www.moatti-riviere.com\/en\/wp-json\/wp\/v2\/media?parent=1691"}],"wp:term":[{"taxonomy":"category","embeddable":true,"href":"https:\/\/www.moatti-riviere.com\/en\/wp-json\/wp\/v2\/categories?post=1691"},{"taxonomy":"post_tag","embeddable":true,"href":"https:\/\/www.moatti-riviere.com\/en\/wp-json\/wp\/v2\/tags?post=1691"}],"curies":[{"name":"wp","href":"https:\/\/api.w.org\/{rel}","templated":true}]}}