{"id":1713,"date":"2017-11-09T20:05:27","date_gmt":"2017-11-09T19:05:27","guid":{"rendered":"https:\/\/www.moatti-riviere.com?page_id=1713"},"modified":"2018-06-04T11:05:34","modified_gmt":"2018-06-04T09:05:34","slug":"hotel-crillon-paris-75","status":"publish","type":"page","link":"https:\/\/www.moatti-riviere.com\/en\/projects\/restaurant-hotel\/hotel-crillon-paris-75","title":{"rendered":"Hotel Crillon, Paris"},"content":{"rendered":"<div class=\"one_half\">\nngg_shortcode_0_placeholder\n<\/div>\n<div class=\"one_half last\">\n<h3>Description<\/h3>\n<p>Renovation and interior development of the Hotel Crillon to transform it into a palace.<br \/>\nEnvironmental initiative: double certification LEED NC and BREEAM Bespoke.<br \/>\nEnergy performance objective for the building: BBC Label Level.<\/p>\n<h3>Fiche technique<\/h3>\n<p>Concours, 2011<br \/>\nMa\u00eetre d\u2019ouvrage : H\u00f4tel de Crillon<br \/>\nAMO : Jones Lang LaSalle<br \/>\nLocalisation : 10 Place de la Concorde, 75008 Paris<br \/>\nSurface : 17 000 m2<br \/>\nMission : architecture<br \/>\nCo\u00fbt travaux H.T. : 98 M\u20ac<br \/>\nEquipe Maitrise d\u2019\u0153uvre :<br \/>\nAgence Moatti \u2013 Rivi\u00e8re, architecte mandataire<br \/>\nBureaux d\u2019\u00e9tudes : Bureau Michel Forgue (\u00e9conomie), Setec (BET TCE, SSI et accessibilit\u00e9), Oger International (BET OPC et gestion financi\u00e8re), Jean-Paul Lamoureux (acoustique).<br \/>\n<\/div>\r\n<div class=\"clearboth\"><\/div>\n","protected":false},"excerpt":{"rendered":"","protected":false},"author":2,"featured_media":4772,"parent":1709,"menu_order":8,"comment_status":"closed","ping_status":"closed","template":"","meta":{"_seopress_robots_primary_cat":"","_seopress_titles_title":"","_seopress_titles_desc":"","_seopress_robots_index":"","ngg_post_thumbnail":0,"footnotes":""},"categories":[49],"tags":[83,125,166],"class_list":["post-1713","page","type-page","status-publish","has-post-thumbnail","hentry","category-hotels-restaurants-en","tag-paris-en","tag-contest","tag-hotel-crillon"],"_links":{"self":[{"href":"https:\/\/www.moatti-riviere.com\/en\/wp-json\/wp\/v2\/pages\/1713","targetHints":{"allow":["GET"]}}],"collection":[{"href":"https:\/\/www.moatti-riviere.com\/en\/wp-json\/wp\/v2\/pages"}],"about":[{"href":"https:\/\/www.moatti-riviere.com\/en\/wp-json\/wp\/v2\/types\/page"}],"author":[{"embeddable":true,"href":"https:\/\/www.moatti-riviere.com\/en\/wp-json\/wp\/v2\/users\/2"}],"replies":[{"embeddable":true,"href":"https:\/\/www.moatti-riviere.com\/en\/wp-json\/wp\/v2\/comments?post=1713"}],"version-history":[{"count":0,"href":"https:\/\/www.moatti-riviere.com\/en\/wp-json\/wp\/v2\/pages\/1713\/revisions"}],"up":[{"embeddable":true,"href":"https:\/\/www.moatti-riviere.com\/en\/wp-json\/wp\/v2\/pages\/1709"}],"wp:featuredmedia":[{"embeddable":true,"href":"https:\/\/www.moatti-riviere.com\/en\/wp-json\/wp\/v2\/media\/4772"}],"wp:attachment":[{"href":"https:\/\/www.moatti-riviere.com\/en\/wp-json\/wp\/v2\/media?parent=1713"}],"wp:term":[{"taxonomy":"category","embeddable":true,"href":"https:\/\/www.moatti-riviere.com\/en\/wp-json\/wp\/v2\/categories?post=1713"},{"taxonomy":"post_tag","embeddable":true,"href":"https:\/\/www.moatti-riviere.com\/en\/wp-json\/wp\/v2\/tags?post=1713"}],"curies":[{"name":"wp","href":"https:\/\/api.w.org\/{rel}","templated":true}]}}