{"id":1738,"date":"2017-11-09T11:50:34","date_gmt":"2017-11-09T10:50:34","guid":{"rendered":"https:\/\/www.moatti-riviere.com?page_id=1738"},"modified":"2017-11-22T10:38:32","modified_gmt":"2017-11-22T09:38:32","slug":"design-scenography","status":"publish","type":"page","link":"https:\/\/www.moatti-riviere.com\/en\/projects\/design-scenography","title":{"rendered":"design | scenography"},"content":{"rendered":"<div class=\"pt-cv-wrapper\"><div class=\"cvp-live-filter cvp-checkbox \" id=\"\" data-name=\"tx_post_tag\" data-sid=\"8371ca6ghz\" data-isblock=\"\" data-postid=\"\"><label class=\"cvp-label\">Post Tag<\/label><div class=\"checkbox\"><label><input type=\"checkbox\" name=\"tx_post_tag\" value=\"achievement\" \/>Achievement<\/label><\/div><div class=\"checkbox\"><label><input type=\"checkbox\" name=\"tx_post_tag\" value=\"in-progress\" \/>In progress<\/label><\/div><div class=\"checkbox\"><label><input type=\"checkbox\" name=\"tx_post_tag\" value=\"contest\" \/>Contest<\/label><\/div><\/div><div class=\"pt-cv-view pt-cv-grid pt-cv-colsys pt-cv-same-height cvp-lfres\" id=\"pt-cv-view-8371ca6ghz\"><div data-id=\"pt-cv-page-1\" class=\"pt-cv-page\" data-cvc=\"4\" data-cvct=\"2\" data-cvcm=\"1\"><div class=\"col-md-3 col-sm-6 col-xs-12 pt-cv-content-item pt-cv-1-col\"  data-pid=\"1700\"><div class='pt-cv-ifield'><a href=\"https:\/\/www.moatti-riviere.com\/en\/projects\/equipment\/cultural-equipment-deauville\" class=\"_self pt-cv-href-thumbnail pt-cv-thumb-default cvplbd cvp-responsive-image img-none\" target=\"_self\" data-iw=\"285\" data-ih=\"285\"><img loading=\"lazy\" decoding=\"async\" width=\"285\" height=\"285\" src=\"https:\/\/www.moatti-riviere.com\/wp-content\/uploads\/2021\/12\/UNE-2-285x285.jpg\" class=\"pt-cv-thumbnail img-none skip-lazy \" alt=\"Cultural Equipment, Deauville\" \/><\/a>\n<h4 class=\"pt-cv-title\"><a href=\"https:\/\/www.moatti-riviere.com\/en\/projects\/equipment\/cultural-equipment-deauville\" class=\"_self cvplbd\" target=\"_self\" data-iw=\"285\" data-ih=\"285\">Cultural Equipment, Deauville<\/a><\/h4><\/div><\/div>\n<div class=\"col-md-3 col-sm-6 col-xs-12 pt-cv-content-item pt-cv-1-col\"  data-pid=\"5566\"><div class='pt-cv-ifield'><a href=\"https:\/\/www.moatti-riviere.com\/en\/projects\/cultural-space\/hotel-de-marine-paris\" class=\"_self pt-cv-href-thumbnail pt-cv-thumb-default cvplbd cvp-responsive-image img-none\" target=\"_self\" data-iw=\"285\" data-ih=\"285\"><img loading=\"lazy\" decoding=\"async\" width=\"285\" height=\"285\" src=\"https:\/\/www.moatti-riviere.com\/wp-content\/uploads\/2017\/11\/UNE-66-285x285.jpg\" class=\"pt-cv-thumbnail img-none skip-lazy \" alt=\"H\u00f4tel de la Marine, Paris\" \/><\/a>\n<h4 class=\"pt-cv-title\"><a href=\"https:\/\/www.moatti-riviere.com\/en\/projects\/cultural-space\/hotel-de-marine-paris\" class=\"_self cvplbd\" target=\"_self\" data-iw=\"285\" data-ih=\"285\">H\u00f4tel de la Marine, Paris<\/a><\/h4><\/div><\/div>\n<div class=\"col-md-3 col-sm-6 col-xs-12 pt-cv-content-item pt-cv-1-col\"  data-pid=\"3806\"><div class='pt-cv-ifield'><a href=\"https:\/\/www.moatti-riviere.com\/en\/projects\/cultural-space\/musee-de-gendarmerie-melun\" class=\"_self pt-cv-href-thumbnail pt-cv-thumb-default cvplbd cvp-responsive-image img-none\" target=\"_self\" data-iw=\"285\" data-ih=\"285\"><img loading=\"lazy\" decoding=\"async\" width=\"285\" height=\"285\" src=\"https:\/\/www.moatti-riviere.com\/wp-content\/uploads\/2017\/11\/UNE-57-285x285.jpg\" class=\"pt-cv-thumbnail img-none skip-lazy \" alt=\"Gendarmerie Museum, Melun\" \/><\/a>\n<h4 class=\"pt-cv-title\"><a href=\"https:\/\/www.moatti-riviere.com\/en\/projects\/cultural-space\/musee-de-gendarmerie-melun\" class=\"_self cvplbd\" target=\"_self\" data-iw=\"285\" data-ih=\"285\">Gendarmerie Museum, Melun<\/a><\/h4><\/div><\/div>\n<div class=\"col-md-3 col-sm-6 col-xs-12 pt-cv-content-item pt-cv-1-col\"  data-pid=\"5567\"><div class='pt-cv-ifield'><a href=\"https:\/\/www.moatti-riviere.com\/en\/projects\/cultural-space\/cultural-center-saint-vaast-arras\" class=\"_self pt-cv-href-thumbnail pt-cv-thumb-default cvplbd cvp-responsive-image img-none\" target=\"_self\" data-iw=\"285\" data-ih=\"285\"><img loading=\"lazy\" decoding=\"async\" width=\"285\" height=\"285\" src=\"https:\/\/www.moatti-riviere.com\/wp-content\/uploads\/2017\/11\/UNE-67-285x285.jpg\" class=\"pt-cv-thumbnail img-none skip-lazy \" alt=\"Cultural Center Saint-Vaast, Arras\" \/><\/a>\n<h4 class=\"pt-cv-title\"><a href=\"https:\/\/www.moatti-riviere.com\/en\/projects\/cultural-space\/cultural-center-saint-vaast-arras\" class=\"_self cvplbd\" target=\"_self\" data-iw=\"285\" data-ih=\"285\">Cultural Center Saint-Vaast, Arras<\/a><\/h4><\/div><\/div>\n<div class=\"col-md-3 col-sm-6 col-xs-12 pt-cv-content-item pt-cv-1-col\"  data-pid=\"5601\"><div class='pt-cv-ifield'><a href=\"https:\/\/www.moatti-riviere.com\/en\/projects\/design-scenography\/glass-house-paris\" class=\"_self pt-cv-href-thumbnail pt-cv-thumb-default cvplbd cvp-responsive-image img-none\" target=\"_self\" data-iw=\"285\" data-ih=\"285\"><img loading=\"lazy\" decoding=\"async\" width=\"285\" height=\"285\" src=\"https:\/\/www.moatti-riviere.com\/wp-content\/uploads\/2018\/05\/UNE-6-285x285.jpg\" class=\"pt-cv-thumbnail img-none skip-lazy \" alt=\"Glass House, Paris\" \/><\/a>\n<h4 class=\"pt-cv-title\"><a href=\"https:\/\/www.moatti-riviere.com\/en\/projects\/design-scenography\/glass-house-paris\" class=\"_self cvplbd\" target=\"_self\" data-iw=\"285\" data-ih=\"285\">Glass House, Paris<\/a><\/h4><\/div><\/div>\n<div class=\"col-md-3 col-sm-6 col-xs-12 pt-cv-content-item pt-cv-1-col\"  data-pid=\"1691\"><div class='pt-cv-ifield'><a href=\"https:\/\/www.moatti-riviere.com\/en\/projects\/cultural-space\/musee-arts-decos-borely-marseille-13\" class=\"_self pt-cv-href-thumbnail pt-cv-thumb-default cvplbd cvp-responsive-image img-none\" target=\"_self\" data-iw=\"285\" data-ih=\"285\"><img loading=\"lazy\" decoding=\"async\" width=\"285\" height=\"285\" src=\"https:\/\/www.moatti-riviere.com\/wp-content\/uploads\/2017\/11\/UNE-58-285x285.jpg\" class=\"pt-cv-thumbnail img-none skip-lazy \" alt=\"Mus\u00e9e arts d\u00e9cos Bor\u00e9ly, Marseille\" \/><\/a>\n<h4 class=\"pt-cv-title\"><a href=\"https:\/\/www.moatti-riviere.com\/en\/projects\/cultural-space\/musee-arts-decos-borely-marseille-13\" class=\"_self cvplbd\" target=\"_self\" data-iw=\"285\" data-ih=\"285\">Mus\u00e9e arts d\u00e9cos Bor\u00e9ly, Marseille<\/a><\/h4><\/div><\/div>\n<div class=\"col-md-3 col-sm-6 col-xs-12 pt-cv-content-item pt-cv-1-col\"  data-pid=\"5602\"><div class='pt-cv-ifield'><a href=\"https:\/\/www.moatti-riviere.com\/en\/projects\/design-scenography\/baccarat-designers-days-paris\" class=\"_self pt-cv-href-thumbnail pt-cv-thumb-default cvplbd cvp-responsive-image img-none\" target=\"_self\" data-iw=\"285\" data-ih=\"285\"><img loading=\"lazy\" decoding=\"async\" width=\"285\" height=\"285\" src=\"https:\/\/www.moatti-riviere.com\/wp-content\/uploads\/2018\/05\/UNE-8-285x285.jpg\" class=\"pt-cv-thumbnail img-none skip-lazy \" alt=\"Baccarat, Designer&#039;s Days, Paris\" \/><\/a>\n<h4 class=\"pt-cv-title\"><a href=\"https:\/\/www.moatti-riviere.com\/en\/projects\/design-scenography\/baccarat-designers-days-paris\" class=\"_self cvplbd\" target=\"_self\" data-iw=\"285\" data-ih=\"285\">Baccarat, Designer&#8217;s Days, Paris<\/a><\/h4><\/div><\/div>\n<div class=\"col-md-3 col-sm-6 col-xs-12 pt-cv-content-item pt-cv-1-col\"  data-pid=\"5600\"><div class='pt-cv-ifield'><a href=\"https:\/\/www.moatti-riviere.com\/en\/projects\/design-scenography\/the-new-eiffel-tower-chair\" class=\"_self pt-cv-href-thumbnail pt-cv-thumb-default cvplbd cvp-responsive-image img-none\" target=\"_self\" data-iw=\"285\" data-ih=\"285\"><img loading=\"lazy\" decoding=\"async\" width=\"285\" height=\"285\" src=\"https:\/\/www.moatti-riviere.com\/wp-content\/uploads\/2018\/05\/UNE-9-285x285.jpg\" class=\"pt-cv-thumbnail img-none skip-lazy \" alt=\"The New Eiffel Tower Chair\" \/><\/a>\n<h4 class=\"pt-cv-title\"><a href=\"https:\/\/www.moatti-riviere.com\/en\/projects\/design-scenography\/the-new-eiffel-tower-chair\" class=\"_self cvplbd\" target=\"_self\" data-iw=\"285\" data-ih=\"285\">The New Eiffel Tower Chair<\/a><\/h4><\/div><\/div>\n<div class=\"col-md-3 col-sm-6 col-xs-12 pt-cv-content-item pt-cv-1-col\"  data-pid=\"3809\"><div class='pt-cv-ifield'><a href=\"https:\/\/www.moatti-riviere.com\/en\/projects\/cultural-space\/cite-internationale-de-dentelle-de-mode-calais\" class=\"_self pt-cv-href-thumbnail pt-cv-thumb-default cvplbd cvp-responsive-image img-none\" target=\"_self\" data-iw=\"285\" data-ih=\"285\"><img loading=\"lazy\" decoding=\"async\" width=\"285\" height=\"285\" src=\"https:\/\/www.moatti-riviere.com\/wp-content\/uploads\/2017\/11\/UNE-60-285x285.jpg\" class=\"pt-cv-thumbnail img-none skip-lazy \" alt=\"International City of Lace and Fashion, Calais\" \/><\/a>\n<h4 class=\"pt-cv-title\"><a href=\"https:\/\/www.moatti-riviere.com\/en\/projects\/cultural-space\/cite-internationale-de-dentelle-de-mode-calais\" class=\"_self cvplbd\" target=\"_self\" data-iw=\"285\" data-ih=\"285\">International City of Lace and Fashion, Calais<\/a><\/h4><\/div><\/div>\n<div class=\"col-md-3 col-sm-6 col-xs-12 pt-cv-content-item pt-cv-1-col\"  data-pid=\"5605\"><div class='pt-cv-ifield'><a href=\"https:\/\/www.moatti-riviere.com\/en\/projects\/design-scenography\/interactive-book-bahrein\" class=\"_self pt-cv-href-thumbnail pt-cv-thumb-default cvplbd cvp-responsive-image img-none\" target=\"_self\" data-iw=\"285\" data-ih=\"285\"><img loading=\"lazy\" decoding=\"async\" width=\"285\" height=\"285\" src=\"https:\/\/www.moatti-riviere.com\/wp-content\/uploads\/2018\/05\/UNE-4-285x285.jpg\" class=\"pt-cv-thumbnail img-none skip-lazy \" alt=\"Interactive Book, Bahrein\" \/><\/a>\n<h4 class=\"pt-cv-title\"><a href=\"https:\/\/www.moatti-riviere.com\/en\/projects\/design-scenography\/interactive-book-bahrein\" class=\"_self cvplbd\" target=\"_self\" data-iw=\"285\" data-ih=\"285\">Interactive Book, Bahrein<\/a><\/h4><\/div><\/div>\n<div class=\"col-md-3 col-sm-6 col-xs-12 pt-cv-content-item pt-cv-1-col\"  data-pid=\"5564\"><div class='pt-cv-ifield'><a href=\"https:\/\/www.moatti-riviere.com\/en\/projects\/cultural-space\/charles-de-gaulle-historial-paris\" class=\"_self pt-cv-href-thumbnail pt-cv-thumb-default cvplbd cvp-responsive-image img-none\" target=\"_self\" data-iw=\"285\" data-ih=\"285\"><img loading=\"lazy\" decoding=\"async\" width=\"285\" height=\"285\" src=\"https:\/\/www.moatti-riviere.com\/wp-content\/uploads\/2017\/11\/UNE-59-285x285.jpg\" class=\"pt-cv-thumbnail img-none skip-lazy \" alt=\"Charles de Gaulle Historial, Paris\" \/><\/a>\n<h4 class=\"pt-cv-title\"><a href=\"https:\/\/www.moatti-riviere.com\/en\/projects\/cultural-space\/charles-de-gaulle-historial-paris\" class=\"_self cvplbd\" target=\"_self\" data-iw=\"285\" data-ih=\"285\">Charles de Gaulle Historial, Paris<\/a><\/h4><\/div><\/div>\n<div class=\"col-md-3 col-sm-6 col-xs-12 pt-cv-content-item pt-cv-1-col\"  data-pid=\"5603\"><div class='pt-cv-ifield'><a href=\"https:\/\/www.moatti-riviere.com\/en\/projects\/design-scenography\/baccarat-chandelier\" class=\"_self pt-cv-href-thumbnail pt-cv-thumb-default cvplbd cvp-responsive-image img-none\" target=\"_self\" data-iw=\"285\" data-ih=\"285\"><img loading=\"lazy\" decoding=\"async\" width=\"285\" height=\"285\" src=\"https:\/\/www.moatti-riviere.com\/wp-content\/uploads\/2018\/05\/UNE-7-285x285.jpg\" class=\"pt-cv-thumbnail img-none skip-lazy \" alt=\"Baccarat chandelier\" \/><\/a>\n<h4 class=\"pt-cv-title\"><a href=\"https:\/\/www.moatti-riviere.com\/en\/projects\/design-scenography\/baccarat-chandelier\" class=\"_self cvplbd\" target=\"_self\" data-iw=\"285\" data-ih=\"285\">Baccarat chandelier<\/a><\/h4><\/div><\/div>\n<div class=\"col-md-3 col-sm-6 col-xs-12 pt-cv-content-item pt-cv-1-col\"  data-pid=\"1693\"><div class='pt-cv-ifield'><a href=\"https:\/\/www.moatti-riviere.com\/en\/projects\/cultural-space\/museum-champollion-writings-from-around-the-world-figeac-46\" class=\"_self pt-cv-href-thumbnail pt-cv-thumb-default cvplbd cvp-responsive-image img-none\" target=\"_self\" data-iw=\"285\" data-ih=\"285\"><img loading=\"lazy\" decoding=\"async\" width=\"285\" height=\"285\" src=\"https:\/\/www.moatti-riviere.com\/wp-content\/uploads\/2017\/11\/UNE-62-285x285.jpg\" class=\"pt-cv-thumbnail img-none skip-lazy \" alt=\"Museum Champollion \u2013 Writings from around the world, Figeac\" \/><\/a>\n<h4 class=\"pt-cv-title\"><a href=\"https:\/\/www.moatti-riviere.com\/en\/projects\/cultural-space\/museum-champollion-writings-from-around-the-world-figeac-46\" class=\"_self cvplbd\" target=\"_self\" data-iw=\"285\" data-ih=\"285\">Museum Champollion \u2013 Writings from around the world, Figeac<\/a><\/h4><\/div><\/div>\n<div class=\"col-md-3 col-sm-6 col-xs-12 pt-cv-content-item pt-cv-1-col\"  data-pid=\"5604\"><div class='pt-cv-ifield'><a href=\"https:\/\/www.moatti-riviere.com\/en\/projects\/design-scenography\/pierre-paulin-paris\" class=\"_self pt-cv-href-thumbnail pt-cv-thumb-default cvplbd cvp-responsive-image img-none\" target=\"_self\" data-iw=\"285\" data-ih=\"285\"><img loading=\"lazy\" decoding=\"async\" width=\"285\" height=\"285\" src=\"https:\/\/www.moatti-riviere.com\/wp-content\/uploads\/2018\/05\/UNE-10-285x285.jpg\" class=\"pt-cv-thumbnail img-none skip-lazy \" alt=\"Pierre Paulin, Paris\" \/><\/a>\n<h4 class=\"pt-cv-title\"><a href=\"https:\/\/www.moatti-riviere.com\/en\/projects\/design-scenography\/pierre-paulin-paris\" class=\"_self cvplbd\" target=\"_self\" data-iw=\"285\" data-ih=\"285\">Pierre Paulin, Paris<\/a><\/h4><\/div><\/div>\n<div class=\"col-md-3 col-sm-6 col-xs-12 pt-cv-content-item pt-cv-1-col\"  data-pid=\"5599\"><div class='pt-cv-ifield'><a href=\"https:\/\/www.moatti-riviere.com\/en\/projects\/design-scenography\/technal-batimat-paris\" class=\"_self pt-cv-href-thumbnail pt-cv-thumb-default cvplbd cvp-responsive-image img-none\" target=\"_self\" data-iw=\"285\" data-ih=\"285\"><img loading=\"lazy\" decoding=\"async\" width=\"285\" height=\"285\" src=\"https:\/\/www.moatti-riviere.com\/wp-content\/uploads\/2018\/05\/UNE-3-285x285.jpg\" class=\"pt-cv-thumbnail img-none skip-lazy \" alt=\"Technal Batimat, Paris\" \/><\/a>\n<h4 class=\"pt-cv-title\"><a href=\"https:\/\/www.moatti-riviere.com\/en\/projects\/design-scenography\/technal-batimat-paris\" class=\"_self cvplbd\" target=\"_self\" data-iw=\"285\" data-ih=\"285\">Technal Batimat, Paris<\/a><\/h4><\/div><\/div>\n<div class=\"col-md-3 col-sm-6 col-xs-12 pt-cv-content-item pt-cv-1-col\"  data-pid=\"8741\"><div class='pt-cv-ifield'><a href=\"https:\/\/www.moatti-riviere.com\/en\/projects\/cultural-space\/centre-dinterpretation-sensorielle-des-vins-de-champagne-ay-champagne\" class=\"_self pt-cv-href-thumbnail pt-cv-thumb-default cvplbd cvp-responsive-image img-none\" target=\"_self\" data-iw=\"285\" data-ih=\"285\"><img loading=\"lazy\" decoding=\"async\" width=\"285\" height=\"285\" src=\"https:\/\/www.moatti-riviere.com\/wp-content\/uploads\/2020\/12\/UNE-AYC-285x285.jpg\" class=\"pt-cv-thumbnail img-none skip-lazy \" alt=\"Centre d\u2019interpr\u00e9tation sensorielle des vins de Champagne, Ay-Champagne\" \/><\/a>\n<h4 class=\"pt-cv-title\"><a href=\"https:\/\/www.moatti-riviere.com\/en\/projects\/cultural-space\/centre-dinterpretation-sensorielle-des-vins-de-champagne-ay-champagne\" class=\"_self cvplbd\" target=\"_self\" data-iw=\"285\" data-ih=\"285\">Centre d\u2019interpr\u00e9tation sensorielle des vins de Champagne, Ay-Champagne<\/a><\/h4><\/div><\/div>\n<div class=\"col-md-3 col-sm-6 col-xs-12 pt-cv-content-item pt-cv-1-col\"  data-pid=\"5546\"><div class='pt-cv-ifield'><a href=\"https:\/\/www.moatti-riviere.com\/en\/projects\/equipment\/world-expo-2015-french-pavilion-milan\" class=\"_self pt-cv-href-thumbnail pt-cv-thumb-default cvplbd cvp-responsive-image img-none\" target=\"_self\" data-iw=\"285\" data-ih=\"285\"><img loading=\"lazy\" decoding=\"async\" width=\"285\" height=\"285\" src=\"https:\/\/www.moatti-riviere.com\/wp-content\/uploads\/2017\/11\/UNE-82-285x285.jpg\" class=\"pt-cv-thumbnail img-none skip-lazy \" alt=\"World Expo 2015, French Pavilion, Milan\" \/><\/a>\n<h4 class=\"pt-cv-title\"><a href=\"https:\/\/www.moatti-riviere.com\/en\/projects\/equipment\/world-expo-2015-french-pavilion-milan\" class=\"_self cvplbd\" target=\"_self\" data-iw=\"285\" data-ih=\"285\">World Expo 2015, French Pavilion, Milan<\/a><\/h4><\/div><\/div>\n<div class=\"col-md-3 col-sm-6 col-xs-12 pt-cv-content-item pt-cv-1-col\"  data-pid=\"5568\"><div class='pt-cv-ifield'><a href=\"https:\/\/www.moatti-riviere.com\/en\/projects\/cultural-space\/museum-of-history-and-archeology-marseille\" class=\"_self pt-cv-href-thumbnail pt-cv-thumb-default cvplbd cvp-responsive-image img-none\" target=\"_self\" data-iw=\"285\" data-ih=\"285\"><img loading=\"lazy\" decoding=\"async\" width=\"285\" height=\"285\" src=\"https:\/\/www.moatti-riviere.com\/wp-content\/uploads\/2017\/11\/UNE-68-285x285.jpg\" class=\"pt-cv-thumbnail img-none skip-lazy \" alt=\"Museum of History and Archeology, Marseille\" \/><\/a>\n<h4 class=\"pt-cv-title\"><a href=\"https:\/\/www.moatti-riviere.com\/en\/projects\/cultural-space\/museum-of-history-and-archeology-marseille\" class=\"_self cvplbd\" target=\"_self\" data-iw=\"285\" data-ih=\"285\">Museum of History and Archeology, Marseille<\/a><\/h4><\/div><\/div>\n<div class=\"col-md-3 col-sm-6 col-xs-12 pt-cv-content-item pt-cv-1-col\"  data-pid=\"5570\"><div class='pt-cv-ifield'><a href=\"https:\/\/www.moatti-riviere.com\/en\/projects\/cultural-space\/city-of-economy-and-currency-paris\" class=\"_self pt-cv-href-thumbnail pt-cv-thumb-default cvplbd cvp-responsive-image img-none\" target=\"_self\" data-iw=\"285\" data-ih=\"285\"><img loading=\"lazy\" decoding=\"async\" width=\"285\" height=\"285\" src=\"https:\/\/www.moatti-riviere.com\/wp-content\/uploads\/2017\/11\/UNE-69-285x285.jpg\" class=\"pt-cv-thumbnail img-none skip-lazy \" alt=\"City of Economy and Currency, Paris\" \/><\/a>\n<h4 class=\"pt-cv-title\"><a href=\"https:\/\/www.moatti-riviere.com\/en\/projects\/cultural-space\/city-of-economy-and-currency-paris\" class=\"_self cvplbd\" target=\"_self\" data-iw=\"285\" data-ih=\"285\">City of Economy and Currency, Paris<\/a><\/h4><\/div><\/div>\n<div class=\"col-md-3 col-sm-6 col-xs-12 pt-cv-content-item pt-cv-1-col\"  data-pid=\"5569\"><div class='pt-cv-ifield'><a href=\"https:\/\/www.moatti-riviere.com\/en\/projects\/cultural-space\/albert-kahn-museum-and-gardens-boulogne-billancourt\" class=\"_self pt-cv-href-thumbnail pt-cv-thumb-default cvplbd cvp-responsive-image img-none\" target=\"_self\" data-iw=\"285\" data-ih=\"285\"><img loading=\"lazy\" decoding=\"async\" width=\"285\" height=\"285\" src=\"https:\/\/www.moatti-riviere.com\/wp-content\/uploads\/2017\/11\/UNE-70-285x285.jpg\" class=\"pt-cv-thumbnail img-none skip-lazy \" alt=\"Albert Kahn Museum and Gardens, Boulogne Billancourt\" \/><\/a>\n<h4 class=\"pt-cv-title\"><a href=\"https:\/\/www.moatti-riviere.com\/en\/projects\/cultural-space\/albert-kahn-museum-and-gardens-boulogne-billancourt\" class=\"_self cvplbd\" target=\"_self\" data-iw=\"285\" data-ih=\"285\">Albert Kahn Museum and Gardens, Boulogne Billancourt<\/a><\/h4><\/div><\/div>\n<div class=\"col-md-3 col-sm-6 col-xs-12 pt-cv-content-item pt-cv-1-col\"  data-pid=\"5606\"><div class='pt-cv-ifield'><a href=\"https:\/\/www.moatti-riviere.com\/en\/projects\/design-scenography\/russian-design-show-moscou\" class=\"_self pt-cv-href-thumbnail pt-cv-thumb-default cvplbd cvp-responsive-image img-none\" target=\"_self\" data-iw=\"285\" data-ih=\"285\"><img loading=\"lazy\" decoding=\"async\" width=\"285\" height=\"285\" src=\"https:\/\/www.moatti-riviere.com\/wp-content\/uploads\/2018\/05\/UNE-5-285x285.jpg\" class=\"pt-cv-thumbnail img-none skip-lazy \" alt=\"Russian Design Show, Moscou\" \/><\/a>\n<h4 class=\"pt-cv-title\"><a href=\"https:\/\/www.moatti-riviere.com\/en\/projects\/design-scenography\/russian-design-show-moscou\" class=\"_self cvplbd\" target=\"_self\" data-iw=\"285\" data-ih=\"285\">Russian Design Show, Moscou<\/a><\/h4><\/div><\/div>\n<div class=\"col-md-3 col-sm-6 col-xs-12 pt-cv-content-item pt-cv-1-col\"  data-pid=\"1744\"><div class='pt-cv-ifield'><a href=\"https:\/\/www.moatti-riviere.com\/en\/projects\/design-scenography\/tour-total-paris-75\" class=\"_self pt-cv-href-thumbnail pt-cv-thumb-default cvplbd cvp-responsive-image img-none\" target=\"_self\" data-iw=\"285\" data-ih=\"285\"><img loading=\"lazy\" decoding=\"async\" width=\"285\" height=\"285\" src=\"https:\/\/www.moatti-riviere.com\/wp-content\/uploads\/2018\/06\/UNE-1-285x285.jpg\" class=\"pt-cv-thumbnail img-none skip-lazy \" alt=\"Tour Total, Paris\" \/><\/a>\n<h4 class=\"pt-cv-title\"><a href=\"https:\/\/www.moatti-riviere.com\/en\/projects\/design-scenography\/tour-total-paris-75\" class=\"_self cvplbd\" target=\"_self\" data-iw=\"285\" data-ih=\"285\">Tour Total, Paris<\/a><\/h4><\/div><\/div><\/div><\/div><\/div>\t\t\t<style type=\"text\/css\" id=\"pt-cv-inline-style-0f8295d6bt\">#pt-cv-view-8371ca6ghz .pt-cv-title a, #pt-cv-view-8371ca6ghz  .panel-title { font-weight: 600 !important; }\n#pt-cv-view-8371ca6ghz .pt-cv-readmore  { color: #dd0000 !important; background-color: #ffffff !important; }\n#pt-cv-view-8371ca6ghz .pt-cv-readmore:hover  { color: #ffffff !important; background-color: #dd0000 !important; }\n#pt-cv-view-8371ca6ghz .cvp-responsive-image[style*=\"background-image\"] { width: 285px; max-height: 285px; overflow: hidden; aspect-ratio: 1 }\n#pt-cv-view-8371ca6ghz .cvp-responsive-image img { max-width: 285px; max-height: 285px; aspect-ratio: 1 }<\/style>\r\n\t\t\t\n","protected":false},"excerpt":{"rendered":"","protected":false},"author":2,"featured_media":3910,"parent":1407,"menu_order":8,"comment_status":"closed","ping_status":"closed","template":"","meta":{"_seopress_robots_primary_cat":"","_seopress_titles_title":"","_seopress_titles_desc":"","_seopress_robots_index":"","ngg_post_thumbnail":0,"footnotes":""},"categories":[40],"tags":[],"class_list":["post-1738","page","type-page","status-publish","has-post-thumbnail","hentry","category-type-projects"],"_links":{"self":[{"href":"https:\/\/www.moatti-riviere.com\/en\/wp-json\/wp\/v2\/pages\/1738","targetHints":{"allow":["GET"]}}],"collection":[{"href":"https:\/\/www.moatti-riviere.com\/en\/wp-json\/wp\/v2\/pages"}],"about":[{"href":"https:\/\/www.moatti-riviere.com\/en\/wp-json\/wp\/v2\/types\/page"}],"author":[{"embeddable":true,"href":"https:\/\/www.moatti-riviere.com\/en\/wp-json\/wp\/v2\/users\/2"}],"replies":[{"embeddable":true,"href":"https:\/\/www.moatti-riviere.com\/en\/wp-json\/wp\/v2\/comments?post=1738"}],"version-history":[{"count":0,"href":"https:\/\/www.moatti-riviere.com\/en\/wp-json\/wp\/v2\/pages\/1738\/revisions"}],"up":[{"embeddable":true,"href":"https:\/\/www.moatti-riviere.com\/en\/wp-json\/wp\/v2\/pages\/1407"}],"wp:featuredmedia":[{"embeddable":true,"href":"https:\/\/www.moatti-riviere.com\/en\/wp-json\/wp\/v2\/media\/3910"}],"wp:attachment":[{"href":"https:\/\/www.moatti-riviere.com\/en\/wp-json\/wp\/v2\/media?parent=1738"}],"wp:term":[{"taxonomy":"category","embeddable":true,"href":"https:\/\/www.moatti-riviere.com\/en\/wp-json\/wp\/v2\/categories?post=1738"},{"taxonomy":"post_tag","embeddable":true,"href":"https:\/\/www.moatti-riviere.com\/en\/wp-json\/wp\/v2\/tags?post=1738"}],"curies":[{"name":"wp","href":"https:\/\/api.w.org\/{rel}","templated":true}]}}