{"id":1742,"date":"2017-11-15T20:23:52","date_gmt":"2017-11-15T19:23:52","guid":{"rendered":"https:\/\/www.moatti-riviere.com?page_id=1742"},"modified":"2018-06-04T10:57:39","modified_gmt":"2018-06-04T08:57:39","slug":"90-housing-and-offices-charenton-pont-94","status":"publish","type":"page","link":"https:\/\/www.moatti-riviere.com\/en\/projects\/housing\/90-housing-and-offices-charenton-pont-94","title":{"rendered":"90 housing and offices, Charenton-le-Pont"},"content":{"rendered":"<div class=\"one_half\">\n<p>ngg_shortcode_0_placeholder<\/p>\n<\/div>\n<div class=\"one_half last\">\n<h3 style=\"text-align: justify;\">Description<\/h3>\n<p style=\"text-align: justify;\">The project concern the transformation of 8 000 m2 of offices in an intergenerational residence of 90 housing and will optimize 2 500 m2 of offices. For this program the principals stakes are the urban context and the change of function. How to transform an office&#8217;s fa\u00e7ade into a housing fa\u00e7ade? The architectural proposal is the creation of a new skin set back from the existing fa\u00e7ade and the creation of loggias. The ojective is to give a more domestic character to the buildi<\/p>\n<h3 style=\"text-align: justify;\">Technical sheet<\/h3>\n<p style=\"text-align: justify;\">Competition : winning projetc<br \/>\nGeneral contractor : Immobili\u00e8re 3F<br \/>\nLocation : Quai des Carri\u00e8res, Charenton-le-Pont (94220)<br \/>\nSurface : 8 000 m2<br \/>\nMission : architecture<br \/>\nBudget VAT : 5,35 M\u20ac<br \/>\nDue date : 2016<br \/>\nGeneral contracting team :<br \/>\nMoatti-Rivi\u00e8re agency, commissioned architect<br \/>\nConsultants : Egis B\u00e2timents Nord (engineering)<\/p>\n<\/div>\r\n<div class=\"clearboth\"><\/div>\n","protected":false},"excerpt":{"rendered":"","protected":false},"author":2,"featured_media":4726,"parent":1733,"menu_order":2,"comment_status":"closed","ping_status":"closed","template":"","meta":{"_seopress_robots_primary_cat":"","_seopress_titles_title":"","_seopress_titles_desc":"","_seopress_robots_index":"","_seopress_analysis_target_kw":"","ngg_post_thumbnail":0,"footnotes":""},"categories":[54,48],"tags":[273,690,279,127],"class_list":["post-1742","page","type-page","status-publish","has-post-thumbnail","hentry","category-flagship-projects","category-housing","tag-charenton-le-pont","tag-charenton-le-pont-en","tag-90-housing-and-offices","tag-achievement"],"_links":{"self":[{"href":"https:\/\/www.moatti-riviere.com\/en\/wp-json\/wp\/v2\/pages\/1742","targetHints":{"allow":["GET"]}}],"collection":[{"href":"https:\/\/www.moatti-riviere.com\/en\/wp-json\/wp\/v2\/pages"}],"about":[{"href":"https:\/\/www.moatti-riviere.com\/en\/wp-json\/wp\/v2\/types\/page"}],"author":[{"embeddable":true,"href":"https:\/\/www.moatti-riviere.com\/en\/wp-json\/wp\/v2\/users\/2"}],"replies":[{"embeddable":true,"href":"https:\/\/www.moatti-riviere.com\/en\/wp-json\/wp\/v2\/comments?post=1742"}],"version-history":[{"count":0,"href":"https:\/\/www.moatti-riviere.com\/en\/wp-json\/wp\/v2\/pages\/1742\/revisions"}],"up":[{"embeddable":true,"href":"https:\/\/www.moatti-riviere.com\/en\/wp-json\/wp\/v2\/pages\/1733"}],"wp:featuredmedia":[{"embeddable":true,"href":"https:\/\/www.moatti-riviere.com\/en\/wp-json\/wp\/v2\/media\/4726"}],"wp:attachment":[{"href":"https:\/\/www.moatti-riviere.com\/en\/wp-json\/wp\/v2\/media?parent=1742"}],"wp:term":[{"taxonomy":"category","embeddable":true,"href":"https:\/\/www.moatti-riviere.com\/en\/wp-json\/wp\/v2\/categories?post=1742"},{"taxonomy":"post_tag","embeddable":true,"href":"https:\/\/www.moatti-riviere.com\/en\/wp-json\/wp\/v2\/tags?post=1742"}],"curies":[{"name":"wp","href":"https:\/\/api.w.org\/{rel}","templated":true}]}}