{"id":1784,"date":"2017-11-10T11:20:51","date_gmt":"2017-11-10T10:20:51","guid":{"rendered":"https:\/\/www.moatti-riviere.com?page_id=1784"},"modified":"2017-11-13T01:15:27","modified_gmt":"2017-11-13T00:15:27","slug":"venise","status":"publish","type":"page","link":"https:\/\/www.moatti-riviere.com\/en\/media\/exhibitions\/venise","title":{"rendered":"venise"},"content":{"rendered":"<div class=\"one_half\">\n<p>ngg_shortcode_0_placeholder<\/p>\n<\/div>\n<div class=\"one_half last\">\n<h2>Une architecture sous influence<\/h2>\n<p>Exposition sur le projet de r\u00e9am\u00e9nagement du 1er \u00e9tage de la Tour Eiffel dans le cadre de la 13\u00b0 Biennale Internationale d\u2019Architecture de Venise, Italie.<\/p>\n<p>Spazio Light-Box, Venise, Italie<\/p>\n<p>Du 28 ao\u00fbt au 25 novembre 2012<\/p>\n<\/div>\r\n<div class=\"clearboth\"><\/div>\n","protected":false},"excerpt":{"rendered":"","protected":false},"author":2,"featured_media":1309,"parent":1781,"menu_order":1,"comment_status":"closed","ping_status":"closed","template":"","meta":{"_seopress_robots_primary_cat":"","_seopress_titles_title":"","_seopress_titles_desc":"","_seopress_robots_index":"","ngg_post_thumbnail":0,"footnotes":""},"categories":[41],"tags":[],"class_list":["post-1784","page","type-page","status-publish","has-post-thumbnail","hentry","category-exhibitions"],"_links":{"self":[{"href":"https:\/\/www.moatti-riviere.com\/en\/wp-json\/wp\/v2\/pages\/1784","targetHints":{"allow":["GET"]}}],"collection":[{"href":"https:\/\/www.moatti-riviere.com\/en\/wp-json\/wp\/v2\/pages"}],"about":[{"href":"https:\/\/www.moatti-riviere.com\/en\/wp-json\/wp\/v2\/types\/page"}],"author":[{"embeddable":true,"href":"https:\/\/www.moatti-riviere.com\/en\/wp-json\/wp\/v2\/users\/2"}],"replies":[{"embeddable":true,"href":"https:\/\/www.moatti-riviere.com\/en\/wp-json\/wp\/v2\/comments?post=1784"}],"version-history":[{"count":0,"href":"https:\/\/www.moatti-riviere.com\/en\/wp-json\/wp\/v2\/pages\/1784\/revisions"}],"up":[{"embeddable":true,"href":"https:\/\/www.moatti-riviere.com\/en\/wp-json\/wp\/v2\/pages\/1781"}],"wp:featuredmedia":[{"embeddable":true,"href":"https:\/\/www.moatti-riviere.com\/en\/wp-json\/wp\/v2\/media\/1309"}],"wp:attachment":[{"href":"https:\/\/www.moatti-riviere.com\/en\/wp-json\/wp\/v2\/media?parent=1784"}],"wp:term":[{"taxonomy":"category","embeddable":true,"href":"https:\/\/www.moatti-riviere.com\/en\/wp-json\/wp\/v2\/categories?post=1784"},{"taxonomy":"post_tag","embeddable":true,"href":"https:\/\/www.moatti-riviere.com\/en\/wp-json\/wp\/v2\/tags?post=1784"}],"curies":[{"name":"wp","href":"https:\/\/api.w.org\/{rel}","templated":true}]}}