{"id":5382,"date":"2017-11-24T17:16:22","date_gmt":"2017-11-24T16:16:22","guid":{"rendered":"https:\/\/www.moatti-riviere.com?page_id=5382"},"modified":"2018-06-15T23:16:02","modified_gmt":"2018-06-15T21:16:02","slug":"centre-bourse-marseille-en","status":"publish","type":"page","link":"https:\/\/www.moatti-riviere.com\/en\/projects\/retail\/centre-bourse-marseille-en","title":{"rendered":"Centre Bourse, Marseille"},"content":{"rendered":"<div class=\"one_half\">\nngg_shortcode_0_placeholder\n<\/div>\n<div class=\"one_half last\">\n<h2>A discreet veil<\/h2>\n<h3>Description<\/h3>\n<p>The extension of the Centre Bourse offers the building a new life and allows it to be in full echo with the evolution of the district and the development of the city of Marseille. The project involves the creation of a light and transparent envelope, consisting of a glass facade, sheltered by veils that unfurl over the three levels of the building and along its entire length.<br \/>\nThis envelope offers new facades to Galeries Lafayette, which unfold as a transparent and glazed ribbon. The drawing is continuous and enhances the angles bringing a real fluidity to the wandering and creates a protected urban space.<\/p>\n<p>At night, the lighting makes the whole a signal in the city, a benchmark at the neighborhood level. The veil that dresses the facade represents a real technical feat.<br \/>\nThis double-curvature structure, positive and negative, is composed of a surface of galvanized lacquered sheet panels with facets and an underside of metal slats in the shape of a wave.<br \/>\nThe new Centre Bourse represents an additional 6,240 m2 of space to accommodate the Galeries Lafayette and major retailers, an extension of 12m from the foot of the existing fa\u00e7ade rue Bir-Hakeim and Queen Elizabeth Street.<\/p>\n<p>Photos: \u00a9 Fr\u00e9d\u00e9rique F\u00e9lix-Faure, \u00a9 Moatti-Rivi\u00e8re agency<\/p>\n<h3>Technical sheet<\/h3>\n<p>Direct order<br \/>\nClient: Klepierre and Galeries Lafayette Group<br \/>\nLocation: 17 Cours Belsunce, 13001 Marseille<br \/>\nSurface area: 7,500 m\u00b2<br \/>\nMission: architecture<br \/>\nCost works H.T .: 18 M \u20ac<br \/>\nDelivery: 2014<\/p>\n<p>Project Management Team:<br \/>\nAgence Moatti &#8211; Rivi\u00e8re, Mandatory Architect<br \/>\nDesign offices: RFR (BET fa\u00e7ades), 8&#8217;18 &#8221; (lighting technician), Jean-Paul Lamoureux (acoustician)<\/p>\n<\/div>\r\n<div class=\"clearboth\"><\/div>\n","protected":false},"excerpt":{"rendered":"","protected":false},"author":2,"featured_media":4711,"parent":1705,"menu_order":3,"comment_status":"closed","ping_status":"closed","template":"","meta":{"_seopress_robots_primary_cat":"","_seopress_titles_title":"","_seopress_titles_desc":"","_seopress_robots_index":"","ngg_post_thumbnail":0,"footnotes":""},"categories":[54,44],"tags":[84,85,81,86,87,127],"class_list":["post-5382","page","type-page","status-publish","has-post-thumbnail","hentry","category-flagship-projects","category-shop-retail","tag-centre-bourse","tag-marseille","tag-retail","tag-centre-bourse-en","tag-marseille-en","tag-achievement"],"_links":{"self":[{"href":"https:\/\/www.moatti-riviere.com\/en\/wp-json\/wp\/v2\/pages\/5382","targetHints":{"allow":["GET"]}}],"collection":[{"href":"https:\/\/www.moatti-riviere.com\/en\/wp-json\/wp\/v2\/pages"}],"about":[{"href":"https:\/\/www.moatti-riviere.com\/en\/wp-json\/wp\/v2\/types\/page"}],"author":[{"embeddable":true,"href":"https:\/\/www.moatti-riviere.com\/en\/wp-json\/wp\/v2\/users\/2"}],"replies":[{"embeddable":true,"href":"https:\/\/www.moatti-riviere.com\/en\/wp-json\/wp\/v2\/comments?post=5382"}],"version-history":[{"count":1,"href":"https:\/\/www.moatti-riviere.com\/en\/wp-json\/wp\/v2\/pages\/5382\/revisions"}],"predecessor-version":[{"id":7180,"href":"https:\/\/www.moatti-riviere.com\/en\/wp-json\/wp\/v2\/pages\/5382\/revisions\/7180"}],"up":[{"embeddable":true,"href":"https:\/\/www.moatti-riviere.com\/en\/wp-json\/wp\/v2\/pages\/1705"}],"wp:featuredmedia":[{"embeddable":true,"href":"https:\/\/www.moatti-riviere.com\/en\/wp-json\/wp\/v2\/media\/4711"}],"wp:attachment":[{"href":"https:\/\/www.moatti-riviere.com\/en\/wp-json\/wp\/v2\/media?parent=5382"}],"wp:term":[{"taxonomy":"category","embeddable":true,"href":"https:\/\/www.moatti-riviere.com\/en\/wp-json\/wp\/v2\/categories?post=5382"},{"taxonomy":"post_tag","embeddable":true,"href":"https:\/\/www.moatti-riviere.com\/en\/wp-json\/wp\/v2\/tags?post=5382"}],"curies":[{"name":"wp","href":"https:\/\/api.w.org\/{rel}","templated":true}]}}