{"id":5513,"date":"2017-11-08T10:24:20","date_gmt":"2017-11-08T09:24:20","guid":{"rendered":"https:\/\/www.moatti-riviere.com?page_id=5513"},"modified":"2018-06-04T11:06:21","modified_gmt":"2018-06-04T09:06:21","slug":"restaurant-of-the-summerland-hotel-lebanon","status":"publish","type":"page","link":"https:\/\/www.moatti-riviere.com\/en\/projects\/restaurant-hotel\/restaurant-of-the-summerland-hotel-lebanon","title":{"rendered":"Restaurant of the Summerland Hotel, Lebanon"},"content":{"rendered":"<div class=\"one_half\">\nngg_shortcode_0_placeholder\n<\/div><div class=\"one_half last\">\n<h2 style=\"text-align: justify;\">Art and the Sea&nbsp;<\/h2>\n<h3 style=\"text-align: justify;\">Description<\/h3>\n<p style=\"text-align: justify;\">Creation of the restaurant and bar of the 5-star Summerland Hotel.<\/p>\n<p style=\"text-align: justify;\">Photos : \u00a9 agence Moatti-Rivi\u00e8re<\/p>\n<h3 style=\"text-align: justify;\">Technical sheet<\/h3>\n<div id=\"fichetech\">\n<p>Direct commission. Consulting<br \/>\nGeneral contractor: Soci\u00e9t\u00e9 G\u00e9n\u00e9rale d\u2019Entreprises Touristiques sal.<br \/>\nLocalisation: Jnah, Beirut, Lebanon<br \/>\nSurface: 2,000 m2<br \/>\nMission: architecture and design<\/p>\n<p>General contracting team:<br \/>\nMoatti \u2013 Rivi\u00e8re Agency, commissioned architect<br \/>\nConsultants: RFR (BET fa\u00e7ades), Aedis (BET structure), CEC (kitchen specialist).<\/p>\n<\/div>\n<\/div>\r\n<div class=\"clearboth\"><\/div>\n","protected":false},"excerpt":{"rendered":"","protected":false},"author":2,"featured_media":4774,"parent":1709,"menu_order":10,"comment_status":"closed","ping_status":"closed","template":"","meta":{"_seopress_robots_primary_cat":"","_seopress_titles_title":"","_seopress_titles_desc":"","_seopress_robots_index":"","ngg_post_thumbnail":0,"footnotes":""},"categories":[49],"tags":[294,295,125,160,170],"class_list":["post-5513","page","type-page","status-publish","has-post-thumbnail","hentry","category-hotels-restaurants-en","tag-restaurant-of-the-summerland-hotel","tag-lebanon","tag-contest","tag-hotels-restaurants","tag-liban"],"_links":{"self":[{"href":"https:\/\/www.moatti-riviere.com\/en\/wp-json\/wp\/v2\/pages\/5513","targetHints":{"allow":["GET"]}}],"collection":[{"href":"https:\/\/www.moatti-riviere.com\/en\/wp-json\/wp\/v2\/pages"}],"about":[{"href":"https:\/\/www.moatti-riviere.com\/en\/wp-json\/wp\/v2\/types\/page"}],"author":[{"embeddable":true,"href":"https:\/\/www.moatti-riviere.com\/en\/wp-json\/wp\/v2\/users\/2"}],"replies":[{"embeddable":true,"href":"https:\/\/www.moatti-riviere.com\/en\/wp-json\/wp\/v2\/comments?post=5513"}],"version-history":[{"count":0,"href":"https:\/\/www.moatti-riviere.com\/en\/wp-json\/wp\/v2\/pages\/5513\/revisions"}],"up":[{"embeddable":true,"href":"https:\/\/www.moatti-riviere.com\/en\/wp-json\/wp\/v2\/pages\/1709"}],"wp:featuredmedia":[{"embeddable":true,"href":"https:\/\/www.moatti-riviere.com\/en\/wp-json\/wp\/v2\/media\/4774"}],"wp:attachment":[{"href":"https:\/\/www.moatti-riviere.com\/en\/wp-json\/wp\/v2\/media?parent=5513"}],"wp:term":[{"taxonomy":"category","embeddable":true,"href":"https:\/\/www.moatti-riviere.com\/en\/wp-json\/wp\/v2\/categories?post=5513"},{"taxonomy":"post_tag","embeddable":true,"href":"https:\/\/www.moatti-riviere.com\/en\/wp-json\/wp\/v2\/tags?post=5513"}],"curies":[{"name":"wp","href":"https:\/\/api.w.org\/{rel}","templated":true}]}}