{"id":5514,"date":"2017-11-07T10:29:48","date_gmt":"2017-11-07T09:29:48","guid":{"rendered":"https:\/\/www.moatti-riviere.com?page_id=5514"},"modified":"2018-06-04T11:06:30","modified_gmt":"2018-06-04T09:06:30","slug":"hotel-summerland-spa-lebanon","status":"publish","type":"page","link":"https:\/\/www.moatti-riviere.com\/en\/projects\/restaurant-hotel\/hotel-summerland-spa-lebanon","title":{"rendered":"Hotel Summerland Spa, Lebanon"},"content":{"rendered":"<div class=\"one_half\">\nngg_shortcode_0_placeholder\n<\/div><div class=\"one_half last\">\n<h2 style=\"text-align: justify;\">Telluric Power<\/h2>\n<h3 style=\"text-align: justify;\">Description<\/h3>\n<p style=\"text-align: justify;\">Creation of the spa for the 5 star Summerland Hotel.<\/p>\n<p>Photos : \u00a9 agence Moatti-Rivi\u00e8re<\/p>\n<h3 style=\"text-align: justify;\">Fiche technique<\/h3>\n<p>Direct commission. Consulting<br \/>\nGeneral contractor: Soci\u00e9t\u00e9 G\u00e9n\u00e9rale d\u2019Entreprises Touristiques sal.<br \/>\nLocalisation: Jnah, Beirut, Lebanon<br \/>\nSurface: 2,000 m2<br \/>\nMission: architecture and design<\/p>\n<p>General contracting team:<br \/>\nMoatti \u2013 Rivi\u00e8re Agency, commissioned architect<br \/>\nConsultants: Aedis (BET structure), RFR (BET fa\u00e7ades).<\/p>\n<\/div>\r\n<div class=\"clearboth\"><\/div>\n","protected":false},"excerpt":{"rendered":"","protected":false},"author":2,"featured_media":4776,"parent":1709,"menu_order":11,"comment_status":"closed","ping_status":"closed","template":"","meta":{"_seopress_robots_primary_cat":"","_seopress_titles_title":"","_seopress_titles_desc":"","_seopress_robots_index":"","ngg_post_thumbnail":0,"footnotes":""},"categories":[49],"tags":[295,296,125,160,170],"class_list":["post-5514","page","type-page","status-publish","has-post-thumbnail","hentry","category-hotels-restaurants-en","tag-lebanon","tag-hotel-summerland-spa","tag-contest","tag-hotels-restaurants","tag-liban"],"_links":{"self":[{"href":"https:\/\/www.moatti-riviere.com\/en\/wp-json\/wp\/v2\/pages\/5514","targetHints":{"allow":["GET"]}}],"collection":[{"href":"https:\/\/www.moatti-riviere.com\/en\/wp-json\/wp\/v2\/pages"}],"about":[{"href":"https:\/\/www.moatti-riviere.com\/en\/wp-json\/wp\/v2\/types\/page"}],"author":[{"embeddable":true,"href":"https:\/\/www.moatti-riviere.com\/en\/wp-json\/wp\/v2\/users\/2"}],"replies":[{"embeddable":true,"href":"https:\/\/www.moatti-riviere.com\/en\/wp-json\/wp\/v2\/comments?post=5514"}],"version-history":[{"count":0,"href":"https:\/\/www.moatti-riviere.com\/en\/wp-json\/wp\/v2\/pages\/5514\/revisions"}],"up":[{"embeddable":true,"href":"https:\/\/www.moatti-riviere.com\/en\/wp-json\/wp\/v2\/pages\/1709"}],"wp:featuredmedia":[{"embeddable":true,"href":"https:\/\/www.moatti-riviere.com\/en\/wp-json\/wp\/v2\/media\/4776"}],"wp:attachment":[{"href":"https:\/\/www.moatti-riviere.com\/en\/wp-json\/wp\/v2\/media?parent=5514"}],"wp:term":[{"taxonomy":"category","embeddable":true,"href":"https:\/\/www.moatti-riviere.com\/en\/wp-json\/wp\/v2\/categories?post=5514"},{"taxonomy":"post_tag","embeddable":true,"href":"https:\/\/www.moatti-riviere.com\/en\/wp-json\/wp\/v2\/tags?post=5514"}],"curies":[{"name":"wp","href":"https:\/\/api.w.org\/{rel}","templated":true}]}}