{"id":8615,"date":"2020-12-22T17:41:31","date_gmt":"2020-12-22T16:41:31","guid":{"rendered":"https:\/\/www.moatti-riviere.com\/?page_id=8615"},"modified":"2025-03-19T09:09:34","modified_gmt":"2025-03-19T08:09:34","slug":"la-grande-halle-pantin","status":"publish","type":"page","link":"https:\/\/www.moatti-riviere.com\/en\/projects\/retail\/la-grande-halle-pantin","title":{"rendered":"La Grande Halle, Pantin"},"content":{"rendered":"<div class=\"one_half\">\n<p>ngg_shortcode_0_placeholder<\/div>\n<div class=\"one_half last\">\n<h2>La Grande Halle des Grandes Serres, Pantin<\/h2>\n<h3>Description<\/h3>\n<p>LIBERTE CHERIE !<\/p>\n<p>\u00abLa libert\u00e9 marque l\u2019aptitude des individus \u00e0 exercer leur volont\u00e9 de pens\u00e9e ou d\u2019action\u00bb<\/p>\n<p>La transformation de la Grande Halle et du site des Serres de Pantin s\u2019installe dans un parcours de transformation du Canal de l\u2019Ourq. Le projet vise \u00e0 valoriser la relation de la halle avec son contexte. La Grande Halle devient un lieu de rencontre, de mixit\u00e9 sociale autour de tiers-lieux : un vaste espace culturel qui s\u2019ouvre aux cinq sens.<\/p>\n<p>La Grande Halle accueille 11 700m\u00b2 de programmes diversifi\u00e9s : des espaces d\u2019expositions et d\u2019\u00e9v\u00e9nementiel, une Acad\u00e9mie musicale et un auditorium de 300 places, une salle de sport, 4 restaurants, ainsi que des espaces de co-working et des commerces.<\/p>\n<h3>Fiche technique<\/h3>\n<p>Consultation priv\u00e9e : Etudes en cours<br \/>\nMa\u00eetre d\u2019ouvrage : BROOKLYN CO INVEST + ALIOS DEVELOPPEMENT + GREEN AFFAIR<br \/>\nLocalisation : Rue du Cheval Blanc, Pantin (93)<br \/>\nSurface SDP : 11.700m\u00b2<br \/>\nMission : architecture<br \/>\nCo\u00fbt travaux H.T. : 36 M\u20ac<br \/>\nLivraison : 2023<\/p>\n<p>Equipe Ma\u00eetrise d\u2019\u0153uvre :<br \/>\nAgence Moatti \u2013 Rivi\u00e8re, architecte mandataire<br \/>\nBureaux d\u2019\u00e9tudes : DVVD (Structure + Fa\u00e7ades), Ingerop (Fluides), Lasa (Acoustique), In Situ (VRD) AE75 (Economie)<\/p>\n<\/div>\r\n<div class=\"clearboth\"><\/div>\n","protected":false},"excerpt":{"rendered":"","protected":false},"author":1,"featured_media":7697,"parent":1705,"menu_order":0,"comment_status":"closed","ping_status":"closed","template":"","meta":{"_seopress_robots_primary_cat":"","_seopress_titles_title":"","_seopress_titles_desc":"","_seopress_robots_index":"","ngg_post_thumbnail":0,"footnotes":""},"categories":[50,46,47,54,44,42],"tags":[126],"class_list":["post-8615","page","type-page","status-publish","has-post-thumbnail","hentry","category-museums","category-education-transports-en","category-equipments-recreation","category-flagship-projects","category-shop-retail","category-businesses-towers","tag-in-progress"],"_links":{"self":[{"href":"https:\/\/www.moatti-riviere.com\/en\/wp-json\/wp\/v2\/pages\/8615","targetHints":{"allow":["GET"]}}],"collection":[{"href":"https:\/\/www.moatti-riviere.com\/en\/wp-json\/wp\/v2\/pages"}],"about":[{"href":"https:\/\/www.moatti-riviere.com\/en\/wp-json\/wp\/v2\/types\/page"}],"author":[{"embeddable":true,"href":"https:\/\/www.moatti-riviere.com\/en\/wp-json\/wp\/v2\/users\/1"}],"replies":[{"embeddable":true,"href":"https:\/\/www.moatti-riviere.com\/en\/wp-json\/wp\/v2\/comments?post=8615"}],"version-history":[{"count":2,"href":"https:\/\/www.moatti-riviere.com\/en\/wp-json\/wp\/v2\/pages\/8615\/revisions"}],"predecessor-version":[{"id":8617,"href":"https:\/\/www.moatti-riviere.com\/en\/wp-json\/wp\/v2\/pages\/8615\/revisions\/8617"}],"up":[{"embeddable":true,"href":"https:\/\/www.moatti-riviere.com\/en\/wp-json\/wp\/v2\/pages\/1705"}],"wp:featuredmedia":[{"embeddable":true,"href":"https:\/\/www.moatti-riviere.com\/en\/wp-json\/wp\/v2\/media\/7697"}],"wp:attachment":[{"href":"https:\/\/www.moatti-riviere.com\/en\/wp-json\/wp\/v2\/media?parent=8615"}],"wp:term":[{"taxonomy":"category","embeddable":true,"href":"https:\/\/www.moatti-riviere.com\/en\/wp-json\/wp\/v2\/categories?post=8615"},{"taxonomy":"post_tag","embeddable":true,"href":"https:\/\/www.moatti-riviere.com\/en\/wp-json\/wp\/v2\/tags?post=8615"}],"curies":[{"name":"wp","href":"https:\/\/api.w.org\/{rel}","templated":true}]}}