{"id":8661,"date":"2020-12-21T18:49:59","date_gmt":"2020-12-21T17:49:59","guid":{"rendered":"https:\/\/www.moatti-riviere.com\/?page_id=8661"},"modified":"2025-03-19T14:41:19","modified_gmt":"2025-03-19T13:41:19","slug":"51-53-boulevard-haussmann-paris","status":"publish","type":"page","link":"https:\/\/www.moatti-riviere.com\/en\/projects\/working-space\/51-53-boulevard-haussmann-paris","title":{"rendered":"51-53 Boulevard Haussmann, Paris"},"content":{"rendered":"<div class=\"one_half\">\n<p>ngg_shortcode_0_placeholder<\/div>\n<div class=\"one_half last\">\n<h2 style=\"text-align: justify;\">Restructuration lourde de l\u2019immeuble du 51-53 Boulevard Haussmann, Paris<\/h2>\n<h3 style=\"text-align: justify;\">Description<\/h3>\n<p>Le projet vise \u00e0 repositionner l\u2019immeuble sur le march\u00e9 commercial dans un quartier en plein red\u00e9veloppement autour des flux tr\u00e8s important li\u00e9s aux pr\u00e9sences simultan\u00e9es des Grands Magasins et de la gare Saint-Lazarre.<\/p>\n<h3 style=\"text-align: justify;\">Fiche technique<\/h3>\n<p>Consultation priv\u00e9e : Livraison 2023<br \/>\nMa\u00eetre d\u2019ouvrage : BNP REIM<br \/>\nLocalisation : 51-53 Boulevard Haussmann, Paris 75009<br \/>\nSurface : 3.500m\u00b2<br \/>\nMission : Mission de base Architecture + MOEX<br \/>\nCo\u00fbt travaux H.T. : Confidentiel Equipe<br \/>\nMa\u00eetrise d\u2019\u0153uvre : Agence Moatti \u2013 Rivi\u00e8re, architecte mandataire<br \/>\nBureaux d\u2019\u00e9tudes : Khephren (structure), Betec (Fluides), VPEAS (\u00e9conomie), CINEA (Acoustique), Salamandre (Pr\u00e9ventionniste) <\/div>\r\n<div class=\"clearboth\"><\/div>\n","protected":false},"excerpt":{"rendered":"","protected":false},"author":1,"featured_media":8457,"parent":1723,"menu_order":0,"comment_status":"closed","ping_status":"closed","template":"","meta":{"_seopress_robots_primary_cat":"","_seopress_titles_title":"","_seopress_titles_desc":"","_seopress_robots_index":"","_seopress_analysis_target_kw":"","ngg_post_thumbnail":0,"footnotes":""},"categories":[54,40,42],"tags":[126],"class_list":["post-8661","page","type-page","status-publish","has-post-thumbnail","hentry","category-flagship-projects","category-type-projects","category-businesses-towers","tag-in-progress"],"_links":{"self":[{"href":"https:\/\/www.moatti-riviere.com\/en\/wp-json\/wp\/v2\/pages\/8661","targetHints":{"allow":["GET"]}}],"collection":[{"href":"https:\/\/www.moatti-riviere.com\/en\/wp-json\/wp\/v2\/pages"}],"about":[{"href":"https:\/\/www.moatti-riviere.com\/en\/wp-json\/wp\/v2\/types\/page"}],"author":[{"embeddable":true,"href":"https:\/\/www.moatti-riviere.com\/en\/wp-json\/wp\/v2\/users\/1"}],"replies":[{"embeddable":true,"href":"https:\/\/www.moatti-riviere.com\/en\/wp-json\/wp\/v2\/comments?post=8661"}],"version-history":[{"count":2,"href":"https:\/\/www.moatti-riviere.com\/en\/wp-json\/wp\/v2\/pages\/8661\/revisions"}],"predecessor-version":[{"id":8666,"href":"https:\/\/www.moatti-riviere.com\/en\/wp-json\/wp\/v2\/pages\/8661\/revisions\/8666"}],"up":[{"embeddable":true,"href":"https:\/\/www.moatti-riviere.com\/en\/wp-json\/wp\/v2\/pages\/1723"}],"wp:featuredmedia":[{"embeddable":true,"href":"https:\/\/www.moatti-riviere.com\/en\/wp-json\/wp\/v2\/media\/8457"}],"wp:attachment":[{"href":"https:\/\/www.moatti-riviere.com\/en\/wp-json\/wp\/v2\/media?parent=8661"}],"wp:term":[{"taxonomy":"category","embeddable":true,"href":"https:\/\/www.moatti-riviere.com\/en\/wp-json\/wp\/v2\/categories?post=8661"},{"taxonomy":"post_tag","embeddable":true,"href":"https:\/\/www.moatti-riviere.com\/en\/wp-json\/wp\/v2\/tags?post=8661"}],"curies":[{"name":"wp","href":"https:\/\/api.w.org\/{rel}","templated":true}]}}