{"id":8698,"date":"2020-12-22T17:17:28","date_gmt":"2020-12-22T16:17:28","guid":{"rendered":"https:\/\/www.moatti-riviere.com\/?page_id=8698"},"modified":"2025-03-19T15:06:40","modified_gmt":"2025-03-19T14:06:40","slug":"loreal-14-rue-royale-paris","status":"publish","type":"page","link":"https:\/\/www.moatti-riviere.com\/en\/projects\/working-space\/loreal-14-rue-royale-paris","title":{"rendered":"L&#8217;Or\u00e9al &#8211; 14 rue Royale, Paris"},"content":{"rendered":"<div class=\"one_half\">\n<p>ngg_shortcode_0_placeholder<\/div>\n<div class=\"one_half last\">\n<h2 style=\"text-align: justify;\">Le Visionnaire \u2013 Espace Fran\u00e7ois Dalle, Paris<\/h2>\n<h3>Cr\u00e9er un pont entre le r\u00e9el et l\u2019imaginaire<\/h3>\n<p style=\"text-align: justify;\">Aux confins de la transmission des connaissances, de la recherche et du num\u00e9rique dynamique et interactif, de l\u2019\u00e9conomie et du d\u00e9veloppement durable, le \u00ab14 Royale\u00bb r\u00e9v\u00e8le sa densit\u00e9 entre abondance de la m\u00e9moire et cr\u00e9ation, entre lieu offert et lieu du secret.<\/p>\n<p style=\"text-align: justify;\">Cette \u0153uvre r\u00e9alis\u00e9e gr\u00e2ce \u00e0 la confiance du Groupe L\u2019Or\u00e9al est \u00e0 mi-chemin entre la r\u00e9alit\u00e9 et l\u2019imaginaire. Nous cherchons \u00e0 inventer des lieux qui appartiennent \u00e0 tous par une dimension symbolique.<br \/>\nL\u2019architecture est toujours la concr\u00e9tisation d\u2019un \u00e9v\u00e9nement, d\u2019un moment de culture, d\u2019une conviction. Celle qui pr\u00e9sid\u00e9 \u00e0 la cr\u00e9ation de cette \u0153uvre, c\u2019est celle d\u2019un monde o\u00f9 la beaut\u00e9 est l\u2019alliance subtile de la technique et du myst\u00e8re.<\/p>\n<p style=\"text-align: justify;\">Qu\u2019est-ce que la Beaut\u00e9 ? Une question infinie\u2026 Elle nait de la qualit\u00e9 d\u2019une rencontre, avec une phrase, un paysage, une lumi\u00e8re, un regard. Ici, au 14 rue Royale, la beaut\u00e9 est la rencontre avec l\u2019inconnu.<br \/>\nAu c\u0153ur de la ville, envelopp\u00e9 dans une cour historique, nous avons \u00e9difi\u00e9 ce lieu inconnu. Il est prot\u00e9g\u00e9 par une verri\u00e8re en forme de spirale dont la dynamique conditionne sa stabilit\u00e9 dans l\u2019espace.<br \/>\nCette verri\u00e8re abrite \u00ab Le Visionnaire \u2013 Espace Fran\u00e7ois Dalle \u00bb, une pi\u00e8ce-monument qui donne son nom au projet et le symbolise tout entier.<\/p>\n<p style=\"text-align: justify;\">Lieu embl\u00e8me, lieu d\u2019\u00e9v\u00e9nement et de travail, cette \u0153uvre est le point de d\u00e9part de toutes les inspirations ; un acc\u00e9l\u00e9rateur de l\u2019esprit de cr\u00e9ation. Ici, on pense, ici on cherche, ici on trouve.<br \/>\nRev\u00eatu d\u2019une coque en laque r\u00e9fl\u00e9chissante, le Visionnaire offre une image toujours changeante quasi-abstraite, faite des reflets de temps et de lumi\u00e8res qui impriment des rythmes et des perspectives Irisations des matins, incandescences lumineuses du soir\u2026<\/p>\n<p style=\"text-align: justify;\">Accessible par le troisi\u00e8me \u00e9tage \u2013 l\u2019\u00e9tage du bureau r\u00e9nov\u00e9 d\u2019Eug\u00e9ne Schueller- \u00ab Le Visionnaire \u00bb organise et d\u00e9ploie autour de lui une v\u00e9ritable promenade architecturale. Au rez-de- chauss\u00e9e, il accueille les visiteurs en prenant la forme d\u2019un bijou serti. Au centre, le visiteur tourne autour en suivant un escalier monumental qui permet d\u2019acc\u00e9der \u00e0 la Galerie dont le plafond se veut comme une onde, une lumi\u00e8re. La promenade se termine sous une coupole s\u2019ouvrant sur le ciel de Paris.<\/p>\n<p style=\"text-align: justify;\">A chaque niveau, des espaces de partage renouvellent le plaisir d\u2019\u00eatre l\u00e0. Dans ce lieu des Origines qui c\u00e9l\u00e8brent la convivialit\u00e9 et le bien\u00eatre des utilisateurs, L\u2019Or\u00e9al re\u00e7oit ses collaborateurs, ses partenaires et un public choisi. Chaque pi\u00e8ce poss\u00e8de son identit\u00e9, sa mati\u00e8re et sa lumi\u00e8re, tandis que multim\u00e9dias et projections, r\u00e9el et virtuel offrent \u00e0 tous une exp\u00e9rience pluri-sensorielle.<\/p>\n<p style=\"text-align: justify;\">Aux confins de la transmission des connaissances et de la recherche, du num\u00e9rique et de l\u2019interactif, de la sc\u00e9nographie et du d\u00e9veloppement durable, du secret et de l\u2019offert, \u00ab Le Visionnaire Espace Fran\u00e7ois Dalle \u00bb r\u00e9v\u00e8le les liens entre la m\u00e9moire et la cr\u00e9ation, l\u2019architecture patrimoniale et contemporaine, offrant un lieu relationnel unique au monde.<\/p>\n<p style=\"text-align: justify;\">&nbsp;<\/p>\n<h3 style=\"text-align: justify;\">Fiche technique<\/h3>\n<p style=\"text-align: justify;\">Ma\u00eetre d\u2019ouvrage : L\u2019OREAL<br \/>\nLocalisation : 14 rue Royale, Paris 75009<br \/>\nSurface : 4.200 m\u00b2<br \/>\nMission : architecture + am\u00e9nagement int\u00e9rieur et multim\u00e9dias<br \/>\nCo\u00fbt travaux H.T. : Confidentiel<br \/>\nLivraison : Septembre 2023<\/p>\n<p style=\"text-align: justify;\">Equipe Ma\u00eetrise d\u2019\u0153uvre :<br \/>\nAgence Moatti \u2013 Rivi\u00e8re, architecte mandataire<br \/>\nPartenaires : Agence Goutal (ACMH), Aedis (Structure), Choulet (Fluides), RFR (Fa\u00e7ades), BFM (Economie), AVEL (Acoustique), ILUSIO (Multimedia), Etamine (Environnement), Ponctuelle (Eclairage), C-Album (Graphisme), Jardins de Babylone (Paysage) <\/div>\r\n<div class=\"clearboth\"><\/div>\n","protected":false},"excerpt":{"rendered":"","protected":false},"author":1,"featured_media":8455,"parent":1723,"menu_order":1,"comment_status":"closed","ping_status":"closed","template":"","meta":{"_seopress_robots_primary_cat":"","_seopress_titles_title":"","_seopress_titles_desc":"","_seopress_robots_index":"","ngg_post_thumbnail":0,"footnotes":""},"categories":[54,40,42],"tags":[127],"class_list":["post-8698","page","type-page","status-publish","has-post-thumbnail","hentry","category-flagship-projects","category-type-projects","category-businesses-towers","tag-achievement"],"_links":{"self":[{"href":"https:\/\/www.moatti-riviere.com\/en\/wp-json\/wp\/v2\/pages\/8698","targetHints":{"allow":["GET"]}}],"collection":[{"href":"https:\/\/www.moatti-riviere.com\/en\/wp-json\/wp\/v2\/pages"}],"about":[{"href":"https:\/\/www.moatti-riviere.com\/en\/wp-json\/wp\/v2\/types\/page"}],"author":[{"embeddable":true,"href":"https:\/\/www.moatti-riviere.com\/en\/wp-json\/wp\/v2\/users\/1"}],"replies":[{"embeddable":true,"href":"https:\/\/www.moatti-riviere.com\/en\/wp-json\/wp\/v2\/comments?post=8698"}],"version-history":[{"count":2,"href":"https:\/\/www.moatti-riviere.com\/en\/wp-json\/wp\/v2\/pages\/8698\/revisions"}],"predecessor-version":[{"id":8700,"href":"https:\/\/www.moatti-riviere.com\/en\/wp-json\/wp\/v2\/pages\/8698\/revisions\/8700"}],"up":[{"embeddable":true,"href":"https:\/\/www.moatti-riviere.com\/en\/wp-json\/wp\/v2\/pages\/1723"}],"wp:featuredmedia":[{"embeddable":true,"href":"https:\/\/www.moatti-riviere.com\/en\/wp-json\/wp\/v2\/media\/8455"}],"wp:attachment":[{"href":"https:\/\/www.moatti-riviere.com\/en\/wp-json\/wp\/v2\/media?parent=8698"}],"wp:term":[{"taxonomy":"category","embeddable":true,"href":"https:\/\/www.moatti-riviere.com\/en\/wp-json\/wp\/v2\/categories?post=8698"},{"taxonomy":"post_tag","embeddable":true,"href":"https:\/\/www.moatti-riviere.com\/en\/wp-json\/wp\/v2\/tags?post=8698"}],"curies":[{"name":"wp","href":"https:\/\/api.w.org\/{rel}","templated":true}]}}