{"id":8726,"date":"2021-12-01T18:36:59","date_gmt":"2021-12-01T17:36:59","guid":{"rendered":"https:\/\/www.moatti-riviere.com\/?page_id=8726"},"modified":"2025-03-20T16:57:07","modified_gmt":"2025-03-20T15:57:07","slug":"carre-de-lhotel-de-ville-la-roche-sur-yon","status":"publish","type":"page","link":"https:\/\/www.moatti-riviere.com\/en\/projects\/equipment\/carre-de-lhotel-de-ville-la-roche-sur-yon","title":{"rendered":"Carr\u00e9 de l&#8217;H\u00f4tel de Ville, La Roche-sur-Yon"},"content":{"rendered":"<div class=\"one_half\">\n<p>ngg_shortcode_0_placeholder<\/div>\n<div class=\"one_half last\">\n<h2 style=\"text-align: justify;\"><strong>Dialogue avec le d\u00e9j\u00e0 l\u00e0.<\/strong><\/h2>\n<h3 style=\"text-align: justify;\">Description<\/h3>\n<p style=\"text-align: justify;\">L\u2019<strong>H\u00f4tel de Ville et d\u2019Agglom\u00e9ration de la Roche-sur-Yon<\/strong> doit refl\u00e9ter l\u2019ambition port\u00e9e par la Ville et l\u2019Agglom\u00e9ration pour <strong>\u00eatre un des symboles majeurs du dynamisme<\/strong> de la R\u00e9gion.<\/p>\n<p style=\"text-align: justify;\">Il a vocation \u00e0 articuler le Mus\u00e9e Espace Napol\u00e9on et prolonger le b\u00e2timent existant de la Poste.<\/p>\n<p style=\"text-align: justify;\">Pour le carr\u00e9 de l\u2019Hotel de ville, notre proposition cr\u00e9e <strong>une continuit\u00e9 volum\u00e9trique avec le b\u00e2timent de la Poste<\/strong> et exprime ainsi la fonction commune des deux b\u00e2timents.<\/p>\n<p style=\"text-align: justify;\">A l\u2019int\u00e9rieur, l\u2019Atrium du futur H\u00f4tel de Ville et d\u2019Agglom\u00e9ration est compos\u00e9 de 4 pavillons s\u00e9par\u00e9s par des murs v\u00e9g\u00e9taux.<\/p>\n<p style=\"text-align: justify;\">Cette composition cr\u00e9e une place publique int\u00e9rieure qui s\u2019inspire de l\u2019urbanisme originel voulue par Napol\u00e9on bas\u00e9 sur une conception orthogonale magnifi\u00e9e ici par la sym\u00e9trie.<\/p>\n<p style=\"text-align: justify;\">La grande verri\u00e8re qui couvre l\u2019atrium est con\u00e7ue dans une recherche de l\u00e9g\u00e8ret\u00e9 et de transparence.<\/p>\n<p style=\"text-align: justify;\">L\u2019ancien Tribunal de la ville se transforme en Espace Napol\u00e9on pour devenir le fleuron culturel de la ville, de son Histoire et de ses collections de peintures et d\u2019arts graphiques.<\/p>\n<p style=\"text-align: justify;\">Depuis l\u2019ext\u00e9rieur, un nouveau toit, une \u00e9paisseur de lumi\u00e8re vient se poser avec l\u00e9g\u00e8ret\u00e9 sur le b\u00e2timent de l\u2019ancien Tribunal. Il est l\u2019expression de sa m\u00e9tamorphose en mus\u00e9e.<\/p>\n<p style=\"text-align: justify;\">A l\u2019int\u00e9rieur, les \u00ab Parcours Histoire \u00bb et \u00abBeaux-Arts\u00bb situ\u00e9s \u00e0 l\u2019\u00e9tage sont une seule promenade \u00e0 travers l\u2019Histoire, les \u0153uvres, et &nbsp;la beaut\u00e9.<\/p>\n<p style=\"text-align: justify;\">Chaque visiteur doit se sentir attendu, accueilli, consid\u00e9r\u00e9 \u00e0 la fois au travers des modalit\u00e9s d\u2019acc\u00e8s et des outils de m\u00e9diation qui lui sont propos\u00e9s.<\/p>\n<p style=\"text-align: justify;\">Photos : \u00a9 agence Moatti-Rivi\u00e8re<\/p>\n<h3 style=\"text-align: justify;\">Fiche technique<\/h3>\n<p style=\"text-align: justify;\">Concours : 2019<br \/>\nMa\u00eetre d\u2019ouvrage : Ville et agglom\u00e9ration de La Roche-sur-Yon<br \/>\nLocalisation : Place Napol\u00e9on, Roche-sur-Yon (85)<br \/>\nSurface : 7.924m2<br \/>\nMission : architecture et sc\u00e9nographie<br \/>\nCo\u00fbt travaux H.T. : 16,6 M \u20ac<\/p>\n<\/div>\r\n<div class=\"clearboth\"><\/div>\n","protected":false},"excerpt":{"rendered":"","protected":false},"author":1,"featured_media":8220,"parent":1696,"menu_order":9,"comment_status":"closed","ping_status":"closed","template":"","meta":{"_seopress_robots_primary_cat":"","_seopress_titles_title":"","_seopress_titles_desc":"","_seopress_robots_index":"","ngg_post_thumbnail":0,"footnotes":""},"categories":[47,40],"tags":[125],"class_list":["post-8726","page","type-page","status-publish","has-post-thumbnail","hentry","category-equipments-recreation","category-type-projects","tag-contest"],"_links":{"self":[{"href":"https:\/\/www.moatti-riviere.com\/en\/wp-json\/wp\/v2\/pages\/8726","targetHints":{"allow":["GET"]}}],"collection":[{"href":"https:\/\/www.moatti-riviere.com\/en\/wp-json\/wp\/v2\/pages"}],"about":[{"href":"https:\/\/www.moatti-riviere.com\/en\/wp-json\/wp\/v2\/types\/page"}],"author":[{"embeddable":true,"href":"https:\/\/www.moatti-riviere.com\/en\/wp-json\/wp\/v2\/users\/1"}],"replies":[{"embeddable":true,"href":"https:\/\/www.moatti-riviere.com\/en\/wp-json\/wp\/v2\/comments?post=8726"}],"version-history":[{"count":2,"href":"https:\/\/www.moatti-riviere.com\/en\/wp-json\/wp\/v2\/pages\/8726\/revisions"}],"predecessor-version":[{"id":8728,"href":"https:\/\/www.moatti-riviere.com\/en\/wp-json\/wp\/v2\/pages\/8726\/revisions\/8728"}],"up":[{"embeddable":true,"href":"https:\/\/www.moatti-riviere.com\/en\/wp-json\/wp\/v2\/pages\/1696"}],"wp:featuredmedia":[{"embeddable":true,"href":"https:\/\/www.moatti-riviere.com\/en\/wp-json\/wp\/v2\/media\/8220"}],"wp:attachment":[{"href":"https:\/\/www.moatti-riviere.com\/en\/wp-json\/wp\/v2\/media?parent=8726"}],"wp:term":[{"taxonomy":"category","embeddable":true,"href":"https:\/\/www.moatti-riviere.com\/en\/wp-json\/wp\/v2\/categories?post=8726"},{"taxonomy":"post_tag","embeddable":true,"href":"https:\/\/www.moatti-riviere.com\/en\/wp-json\/wp\/v2\/tags?post=8726"}],"curies":[{"name":"wp","href":"https:\/\/api.w.org\/{rel}","templated":true}]}}