{"id":8741,"date":"2018-03-21T17:15:00","date_gmt":"2018-03-21T16:15:00","guid":{"rendered":"https:\/\/www.moatti-riviere.com\/?page_id=8741"},"modified":"2025-03-21T10:28:46","modified_gmt":"2025-03-21T09:28:46","slug":"centre-dinterpretation-sensorielle-des-vins-de-champagne-ay-champagne","status":"publish","type":"page","link":"https:\/\/www.moatti-riviere.com\/en\/projects\/cultural-space\/centre-dinterpretation-sensorielle-des-vins-de-champagne-ay-champagne","title":{"rendered":"Centre d\u2019interpr\u00e9tation sensorielle des vins de Champagne, Ay-Champagne"},"content":{"rendered":"<div class=\"one_half\">\n<p>ngg_shortcode_0_placeholder<\/div>\n<div class=\"one_half last\">\n<h2>Le Pressoir<\/h2>\n<h3>Description<\/h3>\n<p>Cr\u00e9ation d\u2019un Centre d\u2019interpr\u00e9tation sensoriel du Champagne sur la commune d\u2019Ay-Champagne.<\/p>\n<p>Le centre d\u2019interpr\u00e9tation sera accueilli dans un b\u00e2timent existant embl\u00e9matique de style \u00ab Pommery \u00bb totalement bord\u00e9 par le vignoble et flanqu\u00e9 dans les coteaux historiques de la commune d\u2019A\u00ff-Champagne.<\/p>\n<p>Photos : \u00a9 agence Moatti-Rivi\u00e8re<\/p>\n<h3>Fiche technique<\/h3>\n<p>Concours : 2018<br \/>\nMa\u00eetre d\u2019ouvrage : Communaut\u00e9 de Communes de la Vall\u00e9e de la Marne<br \/>\nLocalisation : Ay-Champagne<br \/>\nSurface : 3.000 m2<br \/>\nMission : architecture<br \/>\nCo\u00fbt travaux H.T. : 7,3 M \u20ac<\/p>\n<\/div>\r\n<div class=\"clearboth\"><\/div>\n","protected":false},"excerpt":{"rendered":"","protected":false},"author":1,"featured_media":7515,"parent":1685,"menu_order":9,"comment_status":"closed","ping_status":"closed","template":"","meta":{"_seopress_robots_primary_cat":"","_seopress_titles_title":"","_seopress_titles_desc":"","_seopress_robots_index":"","ngg_post_thumbnail":0,"footnotes":""},"categories":[50,45,40],"tags":[125],"class_list":["post-8741","page","type-page","status-publish","has-post-thumbnail","hentry","category-museums","category-design-scenography","category-type-projects","tag-contest"],"_links":{"self":[{"href":"https:\/\/www.moatti-riviere.com\/en\/wp-json\/wp\/v2\/pages\/8741","targetHints":{"allow":["GET"]}}],"collection":[{"href":"https:\/\/www.moatti-riviere.com\/en\/wp-json\/wp\/v2\/pages"}],"about":[{"href":"https:\/\/www.moatti-riviere.com\/en\/wp-json\/wp\/v2\/types\/page"}],"author":[{"embeddable":true,"href":"https:\/\/www.moatti-riviere.com\/en\/wp-json\/wp\/v2\/users\/1"}],"replies":[{"embeddable":true,"href":"https:\/\/www.moatti-riviere.com\/en\/wp-json\/wp\/v2\/comments?post=8741"}],"version-history":[{"count":2,"href":"https:\/\/www.moatti-riviere.com\/en\/wp-json\/wp\/v2\/pages\/8741\/revisions"}],"predecessor-version":[{"id":8744,"href":"https:\/\/www.moatti-riviere.com\/en\/wp-json\/wp\/v2\/pages\/8741\/revisions\/8744"}],"up":[{"embeddable":true,"href":"https:\/\/www.moatti-riviere.com\/en\/wp-json\/wp\/v2\/pages\/1685"}],"wp:featuredmedia":[{"embeddable":true,"href":"https:\/\/www.moatti-riviere.com\/en\/wp-json\/wp\/v2\/media\/7515"}],"wp:attachment":[{"href":"https:\/\/www.moatti-riviere.com\/en\/wp-json\/wp\/v2\/media?parent=8741"}],"wp:term":[{"taxonomy":"category","embeddable":true,"href":"https:\/\/www.moatti-riviere.com\/en\/wp-json\/wp\/v2\/categories?post=8741"},{"taxonomy":"post_tag","embeddable":true,"href":"https:\/\/www.moatti-riviere.com\/en\/wp-json\/wp\/v2\/tags?post=8741"}],"curies":[{"name":"wp","href":"https:\/\/api.w.org\/{rel}","templated":true}]}}